{"id":2764,"date":"2021-01-09T08:44:26","date_gmt":"2021-01-09T14:44:26","guid":{"rendered":"https:\/\/agmedical.com.mx\/?page_id=2764"},"modified":"2023-07-31T15:23:34","modified_gmt":"2023-07-31T21:23:34","slug":"implantes-zirconia","status":"publish","type":"page","link":"https:\/\/agmedical.com.mx\/index.php\/implantes-zirconia\/","title":{"rendered":"Implantes de Zirconia"},"content":{"rendered":"<p>[vc_row][vc_column][tm_heading tag=\u00bbh2&#8243; custom_google_font=\u00bb\u00bb align=\u00bbcenter\u00bb text_color=\u00bbcustom\u00bb custom_text_color=\u00bb#ffffff\u00bb text=\u00bb\u00a1Recupera tu hermosa sonrisa!\u00bb font_size=\u00bbxs:36;lg:42&#8243;][tm_spacer size=\u00bblg:70&#8243;][tm_spacer size=\u00bbxs:50;lg:20&#8243;][\/vc_column][\/vc_row][vc_row full_width=\u00bbstretch_row\u00bb background_color=\u00bbcustom\u00bb background_repeat=\u00bbrepeat\u00bb background_size=\u00bbauto\u00bb custom_background_color=\u00bb#f2f6f9&#8243; background_image=\u00bb917&#8243;][vc_column][tm_spacer size=\u00bblg:100&#8243;][tm_heading tag=\u00bbh2&#8243; custom_google_font=\u00bb\u00bb font_weight=\u00bb500&#8243; text_transform=\u00bbuppercase\u00bb align=\u00bbcenter\u00bb text=\u00bbImplantes de Zirconia\u00bb font_size=\u00bblg:20&#8243; letter_spacing=\u00bb1.75px\u00bb][tm_spacer size=\u00bblg:15&#8243;][tm_heading tag=\u00bbh2&#8243; custom_google_font=\u00bb\u00bb font_weight=\u00bb500&#8243; text_transform=\u00bbuppercase\u00bb align=\u00bbcenter\u00bb text=\u00bbSustituye piezas dentales con las terapias m\u00e1s avanzadas de la odontolog\u00eda.\u00bb font_size=\u00bblg:18&#8243; letter_spacing=\u00bb1.75px\u00bb][tm_spacer size=\u00bblg:50&#8243;][vc_tta_tabs active_section=\u00bb1&#8243;][vc_tta_section title=\u00bbImplantes de Zirconia\u00bb tab_id=\u00bb1562061089374-0edeba21-7b87&#8243;][tm_spacer size=\u00bblg:30&#8243;][tm_heading custom_google_font=\u00bb\u00bb align=\u00bbcenter\u00bb text=\u00bbUna alternativa sin metal a los implantes de titanio\u00bb font_size=\u00bblg:30&#8243;][tm_spacer size=\u00bblg:10&#8243;][tm_heading tag=\u00bbdiv\u00bb custom_google_font=\u00bb\u00bb align=\u00bbcenter\u00bb text=\u00bbLos implantes de zirconio de Straumann son libres de metal por lo que este tipo de implante se puede utilizar en casos est\u00e9ticos. Este sistema de implante es el resultado de m\u00e1s de 12 a\u00f1os de investigaci\u00f3n, combinando la tecnolog\u00eda y precisi\u00f3n suiza.\u00bb][tm_spacer size=\u00bblg:30&#8243;][tm_list list_style=\u00bbcheck\u00bb widget_title=\u00bbVentajas\u00bb columns=\u00bbxs:1;lg:1&#8243; items=\u00bb%5B%7B%22item_title%22%3A%22Alta%20biocompatibilidad%3A%20%22%2C%22item_sub_title%22%3A%22La%20enc%C3%ADa%20y%20tejidos%20se%20adaptan%20muy%20bien%20a%20este%20material%22%2C%22icon_type%22%3A%22fontawesome5%22%7D%2C%7B%22item_title%22%3A%22Est%C3%A9tica%3A%22%2C%22item_sub_title%22%3A%22%20En%20algunos%20casos%20cuando%20la%20enc%C3%ADa%20es%20muy%20delgada%20o%20se%20puede%20retraer%20%2C%20un%20implante%20de%20titanio%20puede%20llegar%20a%20%E2%80%9Ctransparentar%E2%80%9D%20su%20color%20gris%20caracter%C3%ADstico%22%2C%22icon_type%22%3A%22fontawesome5%22%7D%5D\u00bb][tm_spacer size=\u00bblg:10&#8243;][tm_image align=\u00bbcenter\u00bb image=\u00bb2909&#8243;][tm_spacer size=\u00bblg:50&#8243;][tm_heading tag=\u00bbh4&#8243; custom_google_font=\u00bb\u00bb align=\u00bbcenter\u00bb text=\u00bbLINK para mayor informaci\u00f3n del implante de zirconio\u00bb font_size=\u00bblg:30&#8243; link=\u00bbhttps:\/\/www.straumann.com\/es\/es\/profesionales-de-la-odontologia\/productos-y-soluciones\/implantes-dentales\/implantes-ceramicos.html\u00bb][tm_spacer size=\u00bblg:50&#8243;][\/vc_tta_section][\/vc_tta_tabs][tm_spacer size=\u00bblg:150&#8243;][\/vc_column][\/vc_row]<\/p>\n","protected":false},"excerpt":{"rendered":"<p>[vc_row][vc_column][tm_heading tag=\u00bbh2&#8243; custom_google_font=\u00bb\u00bb align=\u00bbcenter\u00bb text_color=\u00bbcustom\u00bb custom_text_color=\u00bb#ffffff\u00bb text=\u00bb\u00a1Recupera tu hermosa sonrisa!\u00bb font_size=\u00bbxs:36;lg:42&#8243;][tm_spacer size=\u00bblg:70&#8243;][tm_spacer size=\u00bbxs:50;lg:20&#8243;][\/vc_column][\/vc_row][vc_row full_width=\u00bbstretch_row\u00bb background_color=\u00bbcustom\u00bb background_repeat=\u00bbrepeat\u00bb background_size=\u00bbauto\u00bb custom_background_color=\u00bb#f2f6f9&#8243; background_image=\u00bb917&#8243;][vc_column][tm_spacer size=\u00bblg:100&#8243;][tm_heading tag=\u00bbh2&#8243; custom_google_font=\u00bb\u00bb font_weight=\u00bb500&#8243; text_transform=\u00bbuppercase\u00bb align=\u00bbcenter\u00bb text=\u00bbImplantes de Zirconia\u00bb font_size=\u00bblg:20&#8243; letter_spacing=\u00bb1.75px\u00bb][tm_spacer size=\u00bblg:15&#8243;][tm_heading tag=\u00bbh2&#8243; custom_google_font=\u00bb\u00bb font_weight=\u00bb500&#8243; text_transform=\u00bbuppercase\u00bb align=\u00bbcenter\u00bb text=\u00bbSustituye piezas dentales con las terapias m\u00e1s avanzadas de la odontolog\u00eda.\u00bb font_size=\u00bblg:18&#8243; letter_spacing=\u00bb1.75px\u00bb][tm_spacer size=\u00bblg:50&#8243;][vc_tta_tabs active_section=\u00bb1&#8243;][vc_tta_section title=\u00bbImplantes de Zirconia\u00bb tab_id=\u00bb1562061089374-0edeba21-7b87&#8243;][tm_spacer size=\u00bblg:30&#8243;][tm_heading custom_google_font=\u00bb\u00bb align=\u00bbcenter\u00bb text=\u00bbUna alternativa sin metal a los implantes de titanio\u00bb font_size=\u00bblg:30&#8243;][tm_spacer size=\u00bblg:10&#8243;][tm_heading tag=\u00bbdiv\u00bb custom_google_font=\u00bb\u00bb align=\u00bbcenter\u00bb text=\u00bbLos implantes de zirconio de Straumann son libres de metal por lo que este tipo de implante se puede utilizar en casos est\u00e9ticos. Este sistema de implante es el resultado de m\u00e1s de 12 a\u00f1os de investigaci\u00f3n, combinando la tecnolog\u00eda y precisi\u00f3n suiza.\u00bb][tm_spacer size=\u00bblg:30&#8243;][tm_list list_style=\u00bbcheck\u00bb widget_title=\u00bbVentajas\u00bb columns=\u00bbxs:1;lg:1&#8243; items=\u00bb%5B%7B%22item_title%22%3A%22Alta%20biocompatibilidad%3A%20%22%2C%22item_sub_title%22%3A%22La%20enc%C3%ADa%20y%20tejidos%20se%20adaptan%20muy%20bien%20a%20este%20material%22%2C%22icon_type%22%3A%22fontawesome5%22%7D%2C%7B%22item_title%22%3A%22Est%C3%A9tica%3A%22%2C%22item_sub_title%22%3A%22%20En%20algunos%20casos%20cuando%20la%20enc%C3%ADa%20es%20muy%20delgada%20o%20se%20puede%20retraer%20%2C%20un%20implante%20de%20titanio%20puede%20llegar%20a%20%E2%80%9Ctransparentar%E2%80%9D%20su%20color%20gris%20caracter%C3%ADstico%22%2C%22icon_type%22%3A%22fontawesome5%22%7D%5D\u00bb][tm_spacer size=\u00bblg:10&#8243;][tm_image align=\u00bbcenter\u00bb image=\u00bb2909&#8243;][tm_spacer size=\u00bblg:50&#8243;][tm_heading tag=\u00bbh4&#8243; custom_google_font=\u00bb\u00bb align=\u00bbcenter\u00bb text=\u00bbLINK para mayor informaci\u00f3n del implante de zirconio\u00bb font_size=\u00bblg:30&#8243; link=\u00bbhttps:\/\/www.straumann.com\/es\/es\/profesionales-de-la-odontologia\/productos-y-soluciones\/implantes-dentales\/implantes-ceramicos.html\u00bb][tm_spacer size=\u00bblg:50&#8243;][\/vc_tta_section][\/vc_tta_tabs][tm_spacer size=\u00bblg:150&#8243;][\/vc_column][\/vc_row]<\/p>\n","protected":false},"author":1,"featured_media":0,"parent":0,"menu_order":0,"comment_status":"closed","ping_status":"closed","template":"","meta":{"_joinchat":[],"footnotes":""},"class_list":["post-2764","page","type-page","status-publish","hentry"],"_links":{"self":[{"href":"https:\/\/agmedical.com.mx\/index.php\/wp-json\/wp\/v2\/pages\/2764","targetHints":{"allow":["GET"]}}],"collection":[{"href":"https:\/\/agmedical.com.mx\/index.php\/wp-json\/wp\/v2\/pages"}],"about":[{"href":"https:\/\/agmedical.com.mx\/index.php\/wp-json\/wp\/v2\/types\/page"}],"author":[{"embeddable":true,"href":"https:\/\/agmedical.com.mx\/index.php\/wp-json\/wp\/v2\/users\/1"}],"replies":[{"embeddable":true,"href":"https:\/\/agmedical.com.mx\/index.php\/wp-json\/wp\/v2\/comments?post=2764"}],"version-history":[{"count":8,"href":"https:\/\/agmedical.com.mx\/index.php\/wp-json\/wp\/v2\/pages\/2764\/revisions"}],"predecessor-version":[{"id":2913,"href":"https:\/\/agmedical.com.mx\/index.php\/wp-json\/wp\/v2\/pages\/2764\/revisions\/2913"}],"wp:attachment":[{"href":"https:\/\/agmedical.com.mx\/index.php\/wp-json\/wp\/v2\/media?parent=2764"}],"curies":[{"name":"wp","href":"https:\/\/api.w.org\/{rel}","templated":true}]}}