{"id":2753,"date":"2021-01-09T08:25:53","date_gmt":"2021-01-09T14:25:53","guid":{"rendered":"https:\/\/agmedical.com.mx\/?page_id=2753"},"modified":"2023-07-31T15:23:51","modified_gmt":"2023-07-31T21:23:51","slug":"estabilizacion-de-dentadura","status":"publish","type":"page","link":"https:\/\/agmedical.com.mx\/index.php\/estabilizacion-de-dentadura\/","title":{"rendered":"Estabilizaci\u00f3n de Dentadura"},"content":{"rendered":"<p>[vc_row][vc_column][tm_heading tag=\u00bbh2&#8243; custom_google_font=\u00bb\u00bb align=\u00bbcenter\u00bb text_color=\u00bbcustom\u00bb custom_text_color=\u00bb#ffffff\u00bb text=\u00bb\u00a1Recupera tu hermosa sonrisa!\u00bb font_size=\u00bbxs:36;lg:42&#8243;][tm_spacer size=\u00bblg:70&#8243;][tm_spacer size=\u00bbxs:50;lg:20&#8243;][\/vc_column][\/vc_row][vc_row full_width=\u00bbstretch_row\u00bb background_color=\u00bbcustom\u00bb background_repeat=\u00bbrepeat\u00bb background_size=\u00bbauto\u00bb custom_background_color=\u00bb#f2f6f9&#8243; background_image=\u00bb917&#8243;][vc_column][tm_spacer size=\u00bblg:100&#8243;][tm_heading tag=\u00bbh2&#8243; custom_google_font=\u00bb\u00bb font_weight=\u00bb500&#8243; text_transform=\u00bbuppercase\u00bb align=\u00bbcenter\u00bb text=\u00bbEstabilizaci\u00f3n de Dentadura\u00bb font_size=\u00bblg:20&#8243; letter_spacing=\u00bb1.75px\u00bb][tm_spacer size=\u00bblg:15&#8243;][tm_heading tag=\u00bbh2&#8243; custom_google_font=\u00bb\u00bb font_weight=\u00bb500&#8243; text_transform=\u00bbuppercase\u00bb align=\u00bbcenter\u00bb text=\u00bbSustituye piezas dentales con las terapias m\u00e1s avanzadas de la odontolog\u00eda.\u00bb font_size=\u00bblg:18&#8243; letter_spacing=\u00bb1.75px\u00bb][tm_spacer size=\u00bblg:50&#8243;][vc_tta_tabs active_section=\u00bb1&#8243;][vc_tta_section title=\u00bbEstabilizaci\u00f3n de Dentadura\u00bb tab_id=\u00bb1608499640649-939a9e08-9567&#8243;][vc_row_inner content_placement=\u00bbmiddle\u00bb gutter=\u00bblg:65&#8243;][vc_column_inner offset=\u00bbvc_col-lg-6&#8243;][tm_spacer size=\u00bblg:30&#8243;][tm_image image_size=\u00bbcustom\u00bb align=\u00bbcenter\u00bb image_size_width=\u00bb300&#8243; image=\u00bb2724&#8243;][tm_spacer size=\u00bblg:30&#8243;][tm_image image_size=\u00bbcustom\u00bb align=\u00bbcenter\u00bb image_size_width=\u00bb300&#8243; image=\u00bb2725&#8243;][tm_spacer size=\u00bblg:30&#8243;][\/vc_column_inner][vc_column_inner offset=\u00bbvc_col-lg-6&#8243;][tm_spacer size=\u00bblg:30&#8243;][tm_heading tag=\u00bbdiv\u00bb custom_google_font=\u00bb\u00bb text=\u00bbLas personas utilizan dentaduras removibles por diferentes razones, algunos de ellos encuentran a las dentaduras muy inc\u00f3modas o incluso dolorosas, otros pudieran tener dificultad para hablar por la poca estabilidad.\u00bb][tm_spacer size=\u00bblg:30&#8243;][tm_heading tag=\u00bbdiv\u00bb custom_google_font=\u00bb\u00bb text=\u00bbEn ocasiones esto puede alterar los h\u00e1bitos alimenticios, pudiendo da\u00f1ar el autoestima y bienestar del paciente.\u00bb][tm_spacer size=\u00bblg:30&#8243;][tm_heading tag=\u00bbdiv\u00bb custom_google_font=\u00bb\u00bb text=\u00bbUna opci\u00f3n costo-beneficio muy solicitada es la colocaci\u00f3n de 2 implantes en mand\u00edbula y\/o 4 en<br \/>\nmaxilar para poder estabilizar la dentadura con aditamentos especiales llamados \u201cLocator o Novaloc\u201d. La dentadura sigue siendo removible pero aumenta significativamente la estabilidad de la pr\u00f3tesis, el confort y calidad de vida del paciente.\u00bb][tm_spacer size=\u00bblg:30&#8243;][tm_heading tag=\u00bbdiv\u00bb custom_google_font=\u00bb\u00bb text=\u00bbUna excelente opci\u00f3n en estos casos es la colocaci\u00f3n de los Implantes dentales Straumann, que tienen su sistema \u201cNovaloc\u201d el cual por su superficie lisa, la parte interna se desgasta menos y es m\u00e1s f\u00e1cil de limpiar para el paciente, mejorando significativamente la necesidad de citas de mantenimiento para ajustes.\u00bb][tm_spacer size=\u00bblg:35&#8243;][tm_spacer size=\u00bblg:50&#8243;][\/vc_column_inner][\/vc_row_inner][\/vc_tta_section][vc_tta_section title=\u00bbBeneficios de Estabilizaci\u00f3n\u00bb tab_id=\u00bb1608499684112-5abd7942-e8c3&#8243;][vc_row_inner content_placement=\u00bbmiddle\u00bb gutter=\u00bblg:65&#8243;][vc_column_inner offset=\u00bbvc_col-lg-6&#8243;]<div id=\"twenty20-1\" class=\"twenty20\" style=\"width: 100% !important; clear: both;\"><div class=\"twentytwenty-container twenty20-1 \"><img decoding=\"async\" src=\"https:\/\/agmedical.com.mx\/wp-content\/uploads\/2021\/01\/antes-estabilizacion.jpg\" alt=\"Before image\" \/><img decoding=\"async\" src=\"https:\/\/agmedical.com.mx\/wp-content\/uploads\/2021\/01\/P5210155.1.jpg\" alt=\"After image\" \/><\/div><\/div>[\/vc_column_inner][vc_column_inner offset=\u00bbvc_col-lg-6&#8243;][tm_spacer size=\u00bblg:30&#8243;][tm_heading custom_google_font=\u00bb\u00bb text=\u00bb\u00bfCu\u00e1les son los beneficios de estabilizar las dentaduras con implantes?\u00bb font_size=\u00bblg:30&#8243;][tm_spacer size=\u00bblg:30&#8243;][tm_heading tag=\u00bbdiv\u00bb custom_google_font=\u00bb\u00bb text=\u00bb\u2714 Mantener las dentaduras en su lugar y hablar con seguridad.<br \/>\n\u2714 Mejora la est\u00e9tica facial, quitando unos a\u00f1os a tu apariencia.<br \/>\n\u2714 Disfruta de tu comida favorita de nuevo.<br \/>\n\u2714  Sonr\u00ede con confianza\u00bb][tm_spacer size=\u00bblg:20&#8243;][tm_spacer size=\u00bblg:50&#8243;][\/vc_column_inner][\/vc_row_inner][\/vc_tta_section][\/vc_tta_tabs][tm_spacer size=\u00bblg:150&#8243;][\/vc_column][\/vc_row][vc_row full_width=\u00bbstretch_row\u00bb][vc_column][tm_spacer size=\u00bblg:100&#8243;][tm_heading custom_google_font=\u00bb\u00bb text=\u00bbPreguntas Frecuentes\u00bb font_size=\u00bblg:30&#8243;][tm_spacer size=\u00bblg:50&#8243;][faqs style=\u00bbtoggle\u00bb filter=\u00bbestabilizacion-de-dentadura\u00bb order=\u00bbASC\u00bb orderby=\u00bbID\u00bb][tm_spacer size=\u00bblg:300&#8243;][\/vc_column][vc_column][\/vc_column][\/vc_row]<\/p>\n","protected":false},"excerpt":{"rendered":"<p>[vc_row][vc_column][tm_heading tag=\u00bbh2&#8243; custom_google_font=\u00bb\u00bb align=\u00bbcenter\u00bb text_color=\u00bbcustom\u00bb custom_text_color=\u00bb#ffffff\u00bb text=\u00bb\u00a1Recupera tu hermosa sonrisa!\u00bb font_size=\u00bbxs:36;lg:42&#8243;][tm_spacer size=\u00bblg:70&#8243;][tm_spacer size=\u00bbxs:50;lg:20&#8243;][\/vc_column][\/vc_row][vc_row full_width=\u00bbstretch_row\u00bb background_color=\u00bbcustom\u00bb background_repeat=\u00bbrepeat\u00bb background_size=\u00bbauto\u00bb custom_background_color=\u00bb#f2f6f9&#8243; background_image=\u00bb917&#8243;][vc_column][tm_spacer size=\u00bblg:100&#8243;][tm_heading tag=\u00bbh2&#8243; custom_google_font=\u00bb\u00bb font_weight=\u00bb500&#8243; text_transform=\u00bbuppercase\u00bb align=\u00bbcenter\u00bb text=\u00bbEstabilizaci\u00f3n de Dentadura\u00bb font_size=\u00bblg:20&#8243; letter_spacing=\u00bb1.75px\u00bb][tm_spacer size=\u00bblg:15&#8243;][tm_heading tag=\u00bbh2&#8243; custom_google_font=\u00bb\u00bb font_weight=\u00bb500&#8243; text_transform=\u00bbuppercase\u00bb align=\u00bbcenter\u00bb text=\u00bbSustituye piezas dentales con las terapias m\u00e1s avanzadas de la odontolog\u00eda.\u00bb font_size=\u00bblg:18&#8243; letter_spacing=\u00bb1.75px\u00bb][tm_spacer size=\u00bblg:50&#8243;][vc_tta_tabs active_section=\u00bb1&#8243;][vc_tta_section title=\u00bbEstabilizaci\u00f3n de Dentadura\u00bb tab_id=\u00bb1608499640649-939a9e08-9567&#8243;][vc_row_inner content_placement=\u00bbmiddle\u00bb gutter=\u00bblg:65&#8243;][vc_column_inner offset=\u00bbvc_col-lg-6&#8243;][tm_spacer size=\u00bblg:30&#8243;][tm_image image_size=\u00bbcustom\u00bb align=\u00bbcenter\u00bb image_size_width=\u00bb300&#8243; image=\u00bb2724&#8243;][tm_spacer size=\u00bblg:30&#8243;][tm_image image_size=\u00bbcustom\u00bb align=\u00bbcenter\u00bb image_size_width=\u00bb300&#8243; image=\u00bb2725&#8243;][tm_spacer size=\u00bblg:30&#8243;][\/vc_column_inner][vc_column_inner offset=\u00bbvc_col-lg-6&#8243;][tm_spacer size=\u00bblg:30&#8243;][tm_heading tag=\u00bbdiv\u00bb custom_google_font=\u00bb\u00bb text=\u00bbLas personas utilizan dentaduras removibles por diferentes razones, algunos de ellos encuentran a las dentaduras muy inc\u00f3modas o incluso dolorosas, otros pudieran tener dificultad para hablar por la poca estabilidad.\u00bb][tm_spacer size=\u00bblg:30&#8243;][tm_heading tag=\u00bbdiv\u00bb custom_google_font=\u00bb\u00bb text=\u00bbEn ocasiones esto puede alterar los h\u00e1bitos alimenticios, pudiendo da\u00f1ar el autoestima y bienestar del paciente.\u00bb][tm_spacer size=\u00bblg:30&#8243;][tm_heading tag=\u00bbdiv\u00bb custom_google_font=\u00bb\u00bb text=\u00bbUna opci\u00f3n costo-beneficio muy solicitada es la colocaci\u00f3n de 2 implantes en mand\u00edbula y\/o 4 en maxilar para poder estabilizar la dentadura con aditamentos especiales llamados \u201cLocator o Novaloc\u201d. La dentadura sigue siendo removible pero aumenta significativamente la estabilidad de la pr\u00f3tesis, el confort y calidad de vida del paciente.\u00bb][tm_spacer size=\u00bblg:30&#8243;][tm_heading tag=\u00bbdiv\u00bb custom_google_font=\u00bb\u00bb text=\u00bbUna excelente opci\u00f3n en estos casos es la colocaci\u00f3n de los Implantes dentales Straumann, que tienen su sistema \u201cNovaloc\u201d el cual por su superficie lisa, la parte interna se desgasta menos y es m\u00e1s f\u00e1cil de limpiar para el paciente, mejorando significativamente la necesidad de citas de mantenimiento para ajustes.\u00bb][tm_spacer size=\u00bblg:35&#8243;][tm_spacer size=\u00bblg:50&#8243;][\/vc_column_inner][\/vc_row_inner][\/vc_tta_section][vc_tta_section title=\u00bbBeneficios de Estabilizaci\u00f3n\u00bb tab_id=\u00bb1608499684112-5abd7942-e8c3&#8243;][vc_row_inner content_placement=\u00bbmiddle\u00bb gutter=\u00bblg:65&#8243;][vc_column_inner offset=\u00bbvc_col-lg-6&#8243;][\/vc_column_inner][vc_column_inner offset=\u00bbvc_col-lg-6&#8243;][tm_spacer size=\u00bblg:30&#8243;][tm_heading custom_google_font=\u00bb\u00bb text=\u00bb\u00bfCu\u00e1les son los beneficios de estabilizar las dentaduras con implantes?\u00bb font_size=\u00bblg:30&#8243;][tm_spacer size=\u00bblg:30&#8243;][tm_heading tag=\u00bbdiv\u00bb custom_google_font=\u00bb\u00bb text=\u00bb\u2714 Mantener las dentaduras en su lugar y hablar con seguridad. \u2714 Mejora la est\u00e9tica facial, quitando unos a\u00f1os a tu apariencia. \u2714 Disfruta de tu comida favorita de nuevo. \u2714 Sonr\u00ede con confianza\u00bb][tm_spacer size=\u00bblg:20&#8243;][tm_spacer size=\u00bblg:50&#8243;][\/vc_column_inner][\/vc_row_inner][\/vc_tta_section][\/vc_tta_tabs][tm_spacer size=\u00bblg:150&#8243;][\/vc_column][\/vc_row][vc_row full_width=\u00bbstretch_row\u00bb][vc_column][tm_spacer size=\u00bblg:100&#8243;][tm_heading custom_google_font=\u00bb\u00bb text=\u00bbPreguntas Frecuentes\u00bb font_size=\u00bblg:30&#8243;][tm_spacer size=\u00bblg:50&#8243;][faqs style=\u00bbtoggle\u00bb filter=\u00bbestabilizacion-de-dentadura\u00bb order=\u00bbASC\u00bb orderby=\u00bbID\u00bb][tm_spacer size=\u00bblg:300&#8243;][\/vc_column][vc_column][\/vc_column][\/vc_row]<\/p>\n","protected":false},"author":1,"featured_media":0,"parent":0,"menu_order":0,"comment_status":"closed","ping_status":"closed","template":"","meta":{"_joinchat":[],"footnotes":""},"class_list":["post-2753","page","type-page","status-publish","hentry"],"_links":{"self":[{"href":"https:\/\/agmedical.com.mx\/index.php\/wp-json\/wp\/v2\/pages\/2753","targetHints":{"allow":["GET"]}}],"collection":[{"href":"https:\/\/agmedical.com.mx\/index.php\/wp-json\/wp\/v2\/pages"}],"about":[{"href":"https:\/\/agmedical.com.mx\/index.php\/wp-json\/wp\/v2\/types\/page"}],"author":[{"embeddable":true,"href":"https:\/\/agmedical.com.mx\/index.php\/wp-json\/wp\/v2\/users\/1"}],"replies":[{"embeddable":true,"href":"https:\/\/agmedical.com.mx\/index.php\/wp-json\/wp\/v2\/comments?post=2753"}],"version-history":[{"count":7,"href":"https:\/\/agmedical.com.mx\/index.php\/wp-json\/wp\/v2\/pages\/2753\/revisions"}],"predecessor-version":[{"id":2947,"href":"https:\/\/agmedical.com.mx\/index.php\/wp-json\/wp\/v2\/pages\/2753\/revisions\/2947"}],"wp:attachment":[{"href":"https:\/\/agmedical.com.mx\/index.php\/wp-json\/wp\/v2\/media?parent=2753"}],"curies":[{"name":"wp","href":"https:\/\/api.w.org\/{rel}","templated":true}]}}