{"id":2747,"date":"2021-01-08T20:52:42","date_gmt":"2021-01-09T02:52:42","guid":{"rendered":"https:\/\/agmedical.com.mx\/?page_id=2747"},"modified":"2026-01-14T14:47:41","modified_gmt":"2026-01-14T20:47:41","slug":"filosofia","status":"publish","type":"page","link":"https:\/\/agmedical.com.mx\/index.php\/filosofia\/","title":{"rendered":"Filosof\u00eda"},"content":{"rendered":"<p>[vc_row full_width=\u00bbstretch_row_content_no_spaces\u00bb][vc_column]\n\t\t\t<!-- START About 01 REVOLUTION SLIDER 6.2.2 --><p class=\"rs-p-wp-fix\"><\/p>\n\t\t\t<rs-module-wrap id=\"rev_slider_17_1_wrapper\" data-source=\"gallery\" style=\"background:transparent;padding:0;margin:0px auto;margin-top:0;margin-bottom:0;\">\n\t\t\t\t<rs-module id=\"rev_slider_17_1\" style=\"display:none;\" data-version=\"6.2.2\">\n\t\t\t\t\t<rs-slides>\n\t\t\t\t\t\t<rs-slide data-key=\"rs-35\" data-title=\"Slide\" data-anim=\"ei:d;eo:d;s:1000;r:0;t:fade;sl:0;\">\n\t\t\t\t\t\t\t<img loading=\"lazy\" decoding=\"async\" src=\"\/\/vietcao.local\/denteeth\/wp-content\/uploads\/2019\/12\/about-1-new.png\" title=\"about-1-new\" width=\"1920\" height=\"700\" data-parallax=\"10\" class=\"rev-slidebg\" data-no-retina>\n<!--\n\t\t\t\t\t\t\t--><rs-layer\n\t\t\t\t\t\t\t\tid=\"slider-17-slide-35-layer-3\" \n\t\t\t\t\t\t\t\tdata-type=\"text\"\n\t\t\t\t\t\t\t\tdata-rsp_ch=\"on\"\n\t\t\t\t\t\t\t\tdata-xy=\"xo:184px,78px,59px,36px;yo:162px,279px,211px,210px;\"\n\t\t\t\t\t\t\t\tdata-text=\"w:normal;s:120,90,74,63;l:130,97,80,69;fw:800;\"\n\t\t\t\t\t\t\t\tdata-dim=\"w:1196px,546px,451px,389px;\"\n\t\t\t\t\t\t\t\tdata-basealign=\"slide\"\n\t\t\t\t\t\t\t\tdata-frame_0=\"y:50,26,19,11;\"\n\t\t\t\t\t\t\t\tdata-frame_1=\"sp:1000;\"\n\t\t\t\t\t\t\t\tdata-frame_999=\"o:0;st:w;\"\n\t\t\t\t\t\t\t\tstyle=\"z-index:9;font-family:Heebo;\"\n\t\t\t\t\t\t\t>Odontolog\u00eda de Autor: Precisi\u00f3n t\u00e9cnica, cuidado artesanal. \n\t\t\t\t\t\t\t<\/rs-layer><!--\n-->\t\t\t\t\t\t<\/rs-slide>\n\t\t\t\t\t<\/rs-slides>\n\t\t\t\t\t<rs-progress class=\"rs-bottom\" style=\"visibility: hidden !important;\"><\/rs-progress>\n\t\t\t\t<\/rs-module>\n\t\t\t\t<script type=\"text\/javascript\">\n\t\t\t\t\tsetREVStartSize({c: 'rev_slider_17_1',rl:[1240,1024,778,480],el:[700,700,650,600],gw:[1920,1024,778,480],gh:[700,700,650,600],type:'standard',justify:'',layout:'fullwidth',mh:\"0\"});\n\t\t\t\t\tvar\trevapi17,\n\t\t\t\t\t\ttpj;\n\t\t\t\t\tjQuery(function() {\n\t\t\t\t\t\ttpj = jQuery;\n\t\t\t\t\t\tif(tpj(\"#rev_slider_17_1\").revolution == undefined){\n\t\t\t\t\t\t\trevslider_showDoubleJqueryError(\"#rev_slider_17_1\");\n\t\t\t\t\t\t}else{\n\t\t\t\t\t\t\trevapi17 = tpj(\"#rev_slider_17_1\").show().revolution({\n\t\t\t\t\t\t\t\tjsFileLocation:\"\/\/agmedical.com.mx\/wp-content\/plugins\/revslider\/public\/assets\/js\/\",\n\t\t\t\t\t\t\t\tsliderLayout:\"fullwidth\",\n\t\t\t\t\t\t\t\tvisibilityLevels:\"1240,1024,778,480\",\n\t\t\t\t\t\t\t\tgridwidth:\"1920,1024,778,480\",\n\t\t\t\t\t\t\t\tgridheight:\"700,700,650,600\",\n\t\t\t\t\t\t\t\tspinner:\"spinner0\",\n\t\t\t\t\t\t\t\teditorheight:\"700,700,650,600\",\n\t\t\t\t\t\t\t\tresponsiveLevels:\"1240,1024,778,480\",\n\t\t\t\t\t\t\t\tdisableProgressBar:\"on\",\n\t\t\t\t\t\t\t\tnavigation: {\n\t\t\t\t\t\t\t\t\tonHoverStop:false\n\t\t\t\t\t\t\t\t},\n\t\t\t\t\t\t\t\tparallax: {\n\t\t\t\t\t\t\t\t\tlevels:[5,10,15,20,25,30,35,40,45,46,47,48,49,50,51,30],\n\t\t\t\t\t\t\t\t\ttype:\"scroll\",\n\t\t\t\t\t\t\t\t\torigo:\"slidercenter\",\n\t\t\t\t\t\t\t\t\tspeed:0\n\t\t\t\t\t\t\t\t},\n\t\t\t\t\t\t\t\tscrolleffect: {\n\t\t\t\t\t\t\t\t\tset:true,\n\t\t\t\t\t\t\t\t\tmultiplicator:1.3,\n\t\t\t\t\t\t\t\t\tmultiplicator_layers:1.3\n\t\t\t\t\t\t\t\t},\n\t\t\t\t\t\t\t\tfallbacks: {\n\t\t\t\t\t\t\t\t\tallowHTML5AutoPlayOnAndroid:true\n\t\t\t\t\t\t\t\t},\n\t\t\t\t\t\t\t});\n\t\t\t\t\t\t}\n\t\t\t\t\t\t\n\t\t\t\t\t});\n\t\t\t\t<\/script>\n\t\t\t<\/rs-module-wrap>\n\t\t\t<!-- END REVOLUTION SLIDER -->\n[\/vc_column][\/vc_row][vc_row full_width=\u00bbstretch_row\u00bb lg_spacing=\u00bbpadding_top:100;padding_bottom:40&#8243; background_image=\u00bb2053&#8243; background_position=\u00bbcenter center\u00bb][vc_column][tm_heading tag=\u00bbh2&#8243; custom_google_font=\u00bb\u00bb google_fonts=\u00bbfont_family:Poppins%3A300%2Cregular%2C500%2C600%2C700|font_style:700%20bold%20regular%3A700%3Anormal\u00bb font_weight=\u00bb500&#8243; text_transform=\u00bbuppercase\u00bb text_color=\u00bbcustom\u00bb custom_text_color=\u00bbrgba(255,255,255,0.8)\u00bb animation=\u00bbmove-up\u00bb text=\u00bbFilosof\u00eda AG Medical: <strong>Rigor, M\u00e9todo y Precisi\u00f3n<\/strong>\u00bb font_size=\u00bblg:14&#8243; letter_spacing=\u00bb1.75px\u00bb max_width=\u00bb200&#8243;][tm_spacer size=\u00bblg:10&#8243;][tm_heading custom_google_font=\u00bb\u00bb text_color=\u00bbcustom\u00bb custom_text_color=\u00bb#ffffff\u00bb text=\u00bbEn AG Medical, ejercemos una pr\u00e1ctica cl\u00ednica exhaustiva donde la excelencia no es el azar, sino el resultado de una planificaci\u00f3n deliberada. A trav\u00e9s de un equipo multidisciplinario y una metodolog\u00eda estricta, transformamos la salud de nuestros pacientes logrando resultados funcionales de alta longevidad.\u00bb][tm_spacer size=\u00bblg:60&#8243;][vc_row_inner content_placement=\u00bbmiddle\u00bb gutter=\u00bbsm:30;md:80;lg:120&#8243;][vc_column_inner width=\u00bb1\/2&#8243; offset=\u00bbvc_col-lg-6&#8243;][tm_image image_size=\u00bbcustom\u00bb animation=\u00bbfade-in\u00bb image=\u00bb2370&#8243; image_size_width=\u00bb300&#8243; rounded=\u00bb20&#8243; box_shadow=\u00bb0 5px 10px #696868&#8243;][tm_spacer size=\u00bblg:60&#8243;][\/vc_column_inner][vc_column_inner width=\u00bb1\/2&#8243; offset=\u00bbvc_col-lg-6&#8243;][tm_heading tag=\u00bbh2&#8243; custom_google_font=\u00bb\u00bb google_fonts=\u00bbfont_family:Poppins%3A300%2Cregular%2C500%2C600%2C700|font_style:700%20bold%20regular%3A700%3Anormal\u00bb font_weight=\u00bb500&#8243; text_transform=\u00bbuppercase\u00bb text_color=\u00bbcustom\u00bb custom_text_color=\u00bbrgba(255,255,255,0.8)\u00bb animation=\u00bbmove-up\u00bb text=\u00bbValoraci\u00f3n Inicial: Di\u00e1logo Cl\u00ednico\u00bb font_size=\u00bblg:14&#8243; letter_spacing=\u00bb1.75px\u00bb max_width=\u00bb200&#8243;][tm_spacer size=\u00bblg:20&#8243;][tm_heading tag=\u00bbh4&#8243; custom_google_font=\u00bb\u00bb text_color=\u00bbcustom\u00bb custom_text_color=\u00bb#ffffff\u00bb text=\u00bbEn la primera consulta, priorizamos la escucha activa para comprender tus expectativas. Evaluamos tu caso con rigor cient\u00edfico para dise\u00f1ar un plan de tratamiento personalizado y honesto.\u00bb font_size=\u00bblg:25&#8243;][tm_spacer size=\u00bblg:40&#8243;][tm_heading tag=\u00bbh2&#8243; custom_google_font=\u00bb\u00bb google_fonts=\u00bbfont_family:Poppins%3A300%2Cregular%2C500%2C600%2C700|font_style:700%20bold%20regular%3A700%3Anormal\u00bb font_weight=\u00bb500&#8243; text_transform=\u00bbuppercase\u00bb text_color=\u00bbcustom\u00bb custom_text_color=\u00bbrgba(255,255,255,0.8)\u00bb animation=\u00bbmove-up\u00bb text=\u00bbDiagn\u00f3stico por Imagen (Cl\u00ednica y Radiogr\u00e1fica)\u00bb font_size=\u00bblg:14&#8243; letter_spacing=\u00bb1.75px\u00bb max_width=\u00bb200&#8243;][tm_spacer size=\u00bblg:20&#8243;][tm_heading custom_google_font=\u00bb\u00bb text_color=\u00bbcustom\u00bb custom_text_color=\u00bb#ffffff\u00bb text=\u00bbLa precisi\u00f3n es nuestra base. Un diagn\u00f3stico certero mediante fotograf\u00edas cl\u00ednicas y radiograf\u00eda digital es la clave para ejecutar tratamientos predecibles y de alta calidad.\u00bb font_size=\u00bblg:24&#8243;][tm_spacer size=\u00bblg:40&#8243;][tm_heading tag=\u00bbh2&#8243; custom_google_font=\u00bb\u00bb google_fonts=\u00bbfont_family:Poppins%3A300%2Cregular%2C500%2C600%2C700|font_style:700%20bold%20regular%3A700%3Anormal\u00bb font_weight=\u00bb500&#8243; text_transform=\u00bbuppercase\u00bb text_color=\u00bbcustom\u00bb custom_text_color=\u00bbrgba(255,255,255,0.8)\u00bb animation=\u00bbmove-up\u00bb text=\u00bbMock-up y Dise\u00f1o de Sonrisa: Proyecci\u00f3n del Resultado\u00bb font_size=\u00bblg:14&#8243; letter_spacing=\u00bb1.75px\u00bb max_width=\u00bb200&#8243;][tm_spacer size=\u00bblg:20&#8243;][tm_heading custom_google_font=\u00bb\u00bb text_color=\u00bbcustom\u00bb custom_text_color=\u00bb#ffffff\u00bb text=\u00bbIntegramos la est\u00e9tica con la funci\u00f3n. Antes de iniciar, proyectamos los resultados finales para que conozcas las ventajas t\u00e9cnicas de tu rehabilitaci\u00f3n integral.\u00bb font_size=\u00bblg:24&#8243;][tm_spacer size=\u00bblg:40&#8243;][tm_heading tag=\u00bbh2&#8243; custom_google_font=\u00bb\u00bb google_fonts=\u00bbfont_family:Poppins%3A300%2Cregular%2C500%2C600%2C700|font_style:700%20bold%20regular%3A700%3Anormal\u00bb font_weight=\u00bb500&#8243; text_transform=\u00bbuppercase\u00bb text_color=\u00bbcustom\u00bb custom_text_color=\u00bbrgba(255,255,255,0.8)\u00bb animation=\u00bbmove-up\u00bb text=\u00bbPruebas de Color y Ajuste: El Cuidado Artesanal\u00bb font_size=\u00bblg:14&#8243; letter_spacing=\u00bb1.75px\u00bb max_width=\u00bb200&#8243;][tm_spacer size=\u00bblg:20&#8243;][tm_heading custom_google_font=\u00bb\u00bb text_color=\u00bbcustom\u00bb custom_text_color=\u00bb#ffffff\u00bb text=\u00bbDedicamos tiempo minucioso al detalle. Trabajamos con un enfoque artesanal en cada ajuste para lograr una mimetizaci\u00f3n perfecta y una adaptaci\u00f3n biol\u00f3gica ideal.\u00bb font_size=\u00bblg:24&#8243;][tm_spacer size=\u00bblg:40&#8243;][tm_heading tag=\u00bbh2&#8243; custom_google_font=\u00bb\u00bb google_fonts=\u00bbfont_family:Poppins%3A300%2Cregular%2C500%2C600%2C700|font_style:700%20bold%20regular%3A700%3Anormal\u00bb font_weight=\u00bb500&#8243; text_transform=\u00bbuppercase\u00bb text_color=\u00bbcustom\u00bb custom_text_color=\u00bbrgba(255,255,255,0.8)\u00bb animation=\u00bbmove-up\u00bb text=\u00bbSeguimiento y Estabilidad\u00bb font_size=\u00bblg:14&#8243; letter_spacing=\u00bb1.75px\u00bb max_width=\u00bb200&#8243;][tm_spacer size=\u00bblg:20&#8243;][tm_heading custom_google_font=\u00bb\u00bb text_color=\u00bbcustom\u00bb custom_text_color=\u00bb#ffffff\u00bb text=\u00bbNuestro compromiso no termina al finalizar el tratamiento. Buscamos la estabilidad de tu salud bucal a largo plazo para que tu sonrisa sea siempre saludable y funcional.\u00bb font_size=\u00bblg:24&#8243;][tm_spacer size=\u00bblg:60&#8243;][\/vc_column_inner][\/vc_row_inner][tm_spacer size=\u00bblg:60&#8243;][tm_heading custom_google_font=\u00bb\u00bb text_color=\u00bbcustom\u00bb custom_text_color=\u00bb#ffffff\u00bb text=\u00bbEl \u00c9xito no se logra solo con cualidades especiales. Es sobre todo un trabajo de constancia, metodolog\u00eda y organizaci\u00f3n.\u00bb][tm_spacer size=\u00bblg:10&#8243;][tm_heading tag=\u00bbdiv\u00bb custom_google_font=\u00bb\u00bb text_color=\u00bbcustom\u00bb custom_text_color=\u00bb#ffffff\u00bb text=\u00bbJ.P. Sergent\u00bb][\/vc_column][\/vc_row]<\/p>\n","protected":false},"excerpt":{"rendered":"<p>[vc_row full_width=\u00bbstretch_row_content_no_spaces\u00bb][vc_column][\/vc_column][\/vc_row][vc_row full_width=\u00bbstretch_row\u00bb lg_spacing=\u00bbpadding_top:100;padding_bottom:40&#8243; background_image=\u00bb2053&#8243; background_position=\u00bbcenter center\u00bb][vc_column][tm_heading tag=\u00bbh2&#8243; custom_google_font=\u00bb\u00bb google_fonts=\u00bbfont_family:Poppins%3A300%2Cregular%2C500%2C600%2C700|font_style:700%20bold%20regular%3A700%3Anormal\u00bb font_weight=\u00bb500&#8243; text_transform=\u00bbuppercase\u00bb text_color=\u00bbcustom\u00bb custom_text_color=\u00bbrgba(255,255,255,0.8)\u00bb animation=\u00bbmove-up\u00bb text=\u00bbFilosof\u00eda AG Medical: Rigor, M\u00e9todo y Precisi\u00f3n\u00bb font_size=\u00bblg:14&#8243; letter_spacing=\u00bb1.75px\u00bb max_width=\u00bb200&#8243;][tm_spacer size=\u00bblg:10&#8243;][tm_heading custom_google_font=\u00bb\u00bb text_color=\u00bbcustom\u00bb custom_text_color=\u00bb#ffffff\u00bb text=\u00bbEn AG Medical, ejercemos una pr\u00e1ctica cl\u00ednica exhaustiva donde la excelencia no es el azar, sino el resultado de una planificaci\u00f3n deliberada. A trav\u00e9s de un equipo multidisciplinario y una metodolog\u00eda estricta, transformamos la salud de nuestros pacientes logrando resultados funcionales de alta longevidad.\u00bb][tm_spacer size=\u00bblg:60&#8243;][vc_row_inner content_placement=\u00bbmiddle\u00bb gutter=\u00bbsm:30;md:80;lg:120&#8243;][vc_column_inner width=\u00bb1\/2&#8243; offset=\u00bbvc_col-lg-6&#8243;][tm_image image_size=\u00bbcustom\u00bb animation=\u00bbfade-in\u00bb image=\u00bb2370&#8243; image_size_width=\u00bb300&#8243; rounded=\u00bb20&#8243; box_shadow=\u00bb0 5px 10px #696868&#8243;][tm_spacer size=\u00bblg:60&#8243;][\/vc_column_inner][vc_column_inner width=\u00bb1\/2&#8243; offset=\u00bbvc_col-lg-6&#8243;][tm_heading tag=\u00bbh2&#8243; custom_google_font=\u00bb\u00bb google_fonts=\u00bbfont_family:Poppins%3A300%2Cregular%2C500%2C600%2C700|font_style:700%20bold%20regular%3A700%3Anormal\u00bb font_weight=\u00bb500&#8243; text_transform=\u00bbuppercase\u00bb text_color=\u00bbcustom\u00bb custom_text_color=\u00bbrgba(255,255,255,0.8)\u00bb animation=\u00bbmove-up\u00bb text=\u00bbValoraci\u00f3n Inicial: Di\u00e1logo Cl\u00ednico\u00bb font_size=\u00bblg:14&#8243; letter_spacing=\u00bb1.75px\u00bb max_width=\u00bb200&#8243;][tm_spacer size=\u00bblg:20&#8243;][tm_heading tag=\u00bbh4&#8243; custom_google_font=\u00bb\u00bb text_color=\u00bbcustom\u00bb custom_text_color=\u00bb#ffffff\u00bb text=\u00bbEn la primera consulta, priorizamos la escucha activa para comprender tus expectativas. Evaluamos tu caso con rigor cient\u00edfico para dise\u00f1ar un plan de tratamiento personalizado y honesto.\u00bb font_size=\u00bblg:25&#8243;][tm_spacer size=\u00bblg:40&#8243;][tm_heading tag=\u00bbh2&#8243; custom_google_font=\u00bb\u00bb google_fonts=\u00bbfont_family:Poppins%3A300%2Cregular%2C500%2C600%2C700|font_style:700%20bold%20regular%3A700%3Anormal\u00bb font_weight=\u00bb500&#8243; text_transform=\u00bbuppercase\u00bb text_color=\u00bbcustom\u00bb custom_text_color=\u00bbrgba(255,255,255,0.8)\u00bb animation=\u00bbmove-up\u00bb text=\u00bbDiagn\u00f3stico por Imagen (Cl\u00ednica y Radiogr\u00e1fica)\u00bb font_size=\u00bblg:14&#8243; letter_spacing=\u00bb1.75px\u00bb max_width=\u00bb200&#8243;][tm_spacer size=\u00bblg:20&#8243;][tm_heading custom_google_font=\u00bb\u00bb text_color=\u00bbcustom\u00bb custom_text_color=\u00bb#ffffff\u00bb text=\u00bbLa precisi\u00f3n es nuestra base. Un diagn\u00f3stico certero mediante fotograf\u00edas cl\u00ednicas y radiograf\u00eda digital es la clave para ejecutar tratamientos predecibles y de alta calidad.\u00bb font_size=\u00bblg:24&#8243;][tm_spacer size=\u00bblg:40&#8243;][tm_heading tag=\u00bbh2&#8243; custom_google_font=\u00bb\u00bb google_fonts=\u00bbfont_family:Poppins%3A300%2Cregular%2C500%2C600%2C700|font_style:700%20bold%20regular%3A700%3Anormal\u00bb font_weight=\u00bb500&#8243; text_transform=\u00bbuppercase\u00bb text_color=\u00bbcustom\u00bb custom_text_color=\u00bbrgba(255,255,255,0.8)\u00bb animation=\u00bbmove-up\u00bb text=\u00bbMock-up y Dise\u00f1o de Sonrisa: Proyecci\u00f3n del Resultado\u00bb font_size=\u00bblg:14&#8243; letter_spacing=\u00bb1.75px\u00bb max_width=\u00bb200&#8243;][tm_spacer size=\u00bblg:20&#8243;][tm_heading custom_google_font=\u00bb\u00bb text_color=\u00bbcustom\u00bb custom_text_color=\u00bb#ffffff\u00bb text=\u00bbIntegramos la est\u00e9tica con la funci\u00f3n. Antes de iniciar, proyectamos los resultados finales para que conozcas las ventajas t\u00e9cnicas de tu rehabilitaci\u00f3n integral.\u00bb font_size=\u00bblg:24&#8243;][tm_spacer size=\u00bblg:40&#8243;][tm_heading tag=\u00bbh2&#8243; custom_google_font=\u00bb\u00bb google_fonts=\u00bbfont_family:Poppins%3A300%2Cregular%2C500%2C600%2C700|font_style:700%20bold%20regular%3A700%3Anormal\u00bb font_weight=\u00bb500&#8243; text_transform=\u00bbuppercase\u00bb text_color=\u00bbcustom\u00bb custom_text_color=\u00bbrgba(255,255,255,0.8)\u00bb animation=\u00bbmove-up\u00bb text=\u00bbPruebas de Color y Ajuste: El Cuidado Artesanal\u00bb font_size=\u00bblg:14&#8243; letter_spacing=\u00bb1.75px\u00bb max_width=\u00bb200&#8243;][tm_spacer size=\u00bblg:20&#8243;][tm_heading custom_google_font=\u00bb\u00bb text_color=\u00bbcustom\u00bb custom_text_color=\u00bb#ffffff\u00bb text=\u00bbDedicamos tiempo minucioso al detalle. Trabajamos con un enfoque artesanal en cada ajuste para lograr una mimetizaci\u00f3n perfecta y una adaptaci\u00f3n biol\u00f3gica ideal.\u00bb font_size=\u00bblg:24&#8243;][tm_spacer size=\u00bblg:40&#8243;][tm_heading tag=\u00bbh2&#8243; custom_google_font=\u00bb\u00bb google_fonts=\u00bbfont_family:Poppins%3A300%2Cregular%2C500%2C600%2C700|font_style:700%20bold%20regular%3A700%3Anormal\u00bb font_weight=\u00bb500&#8243; text_transform=\u00bbuppercase\u00bb text_color=\u00bbcustom\u00bb custom_text_color=\u00bbrgba(255,255,255,0.8)\u00bb animation=\u00bbmove-up\u00bb text=\u00bbSeguimiento y Estabilidad\u00bb font_size=\u00bblg:14&#8243; letter_spacing=\u00bb1.75px\u00bb max_width=\u00bb200&#8243;][tm_spacer size=\u00bblg:20&#8243;][tm_heading custom_google_font=\u00bb\u00bb text_color=\u00bbcustom\u00bb custom_text_color=\u00bb#ffffff\u00bb text=\u00bbNuestro compromiso no termina al finalizar el tratamiento. Buscamos la estabilidad de tu salud bucal a largo plazo para que tu sonrisa sea siempre saludable y funcional.\u00bb font_size=\u00bblg:24&#8243;][tm_spacer size=\u00bblg:60&#8243;][\/vc_column_inner][\/vc_row_inner][tm_spacer size=\u00bblg:60&#8243;][tm_heading custom_google_font=\u00bb\u00bb text_color=\u00bbcustom\u00bb custom_text_color=\u00bb#ffffff\u00bb text=\u00bbEl \u00c9xito no se logra solo con cualidades especiales. Es sobre todo un trabajo de constancia, metodolog\u00eda y organizaci\u00f3n.\u00bb][tm_spacer size=\u00bblg:10&#8243;][tm_heading tag=\u00bbdiv\u00bb custom_google_font=\u00bb\u00bb text_color=\u00bbcustom\u00bb custom_text_color=\u00bb#ffffff\u00bb text=\u00bbJ.P. Sergent\u00bb][\/vc_column][\/vc_row]<\/p>\n","protected":false},"author":1,"featured_media":0,"parent":0,"menu_order":0,"comment_status":"closed","ping_status":"closed","template":"","meta":{"_joinchat":[],"footnotes":""},"class_list":["post-2747","page","type-page","status-publish","hentry"],"_links":{"self":[{"href":"https:\/\/agmedical.com.mx\/index.php\/wp-json\/wp\/v2\/pages\/2747","targetHints":{"allow":["GET"]}}],"collection":[{"href":"https:\/\/agmedical.com.mx\/index.php\/wp-json\/wp\/v2\/pages"}],"about":[{"href":"https:\/\/agmedical.com.mx\/index.php\/wp-json\/wp\/v2\/types\/page"}],"author":[{"embeddable":true,"href":"https:\/\/agmedical.com.mx\/index.php\/wp-json\/wp\/v2\/users\/1"}],"replies":[{"embeddable":true,"href":"https:\/\/agmedical.com.mx\/index.php\/wp-json\/wp\/v2\/comments?post=2747"}],"version-history":[{"count":15,"href":"https:\/\/agmedical.com.mx\/index.php\/wp-json\/wp\/v2\/pages\/2747\/revisions"}],"predecessor-version":[{"id":3076,"href":"https:\/\/agmedical.com.mx\/index.php\/wp-json\/wp\/v2\/pages\/2747\/revisions\/3076"}],"wp:attachment":[{"href":"https:\/\/agmedical.com.mx\/index.php\/wp-json\/wp\/v2\/media?parent=2747"}],"curies":[{"name":"wp","href":"https:\/\/api.w.org\/{rel}","templated":true}]}}