{"id":2541,"date":"2020-08-15T21:49:12","date_gmt":"2020-08-16T03:49:12","guid":{"rendered":"https:\/\/agmedical.com.mx\/?page_id=2541"},"modified":"2023-08-02T00:01:03","modified_gmt":"2023-08-02T06:01:03","slug":"landing-page-2","status":"publish","type":"page","link":"https:\/\/agmedical.com.mx\/","title":{"rendered":"copia Inicio"},"content":{"rendered":"<p>[vc_row][vc_column][tm_spacer size=\u00bblg:10&#8243;][tm_heading custom_google_font=\u00bb\u00bb align=\u00bbcenter\u00bb text_color=\u00bbcustom\u00bb custom_text_color=\u00bb#ffffff\u00bb text=\u00bbBienvenido a AG Medical\u00bb font_size=\u00bbxs:36;lg:42&#8243;][tm_spacer size=\u00bblg:20&#8243;][tm_heading tag=\u00bbdiv\u00bb custom_google_font=\u00bb\u00bb align=\u00bbcenter\u00bb text=\u00bbNuestro objetivo es tu bienestar a trav\u00e9s de un tratamiento a tu medida.\u00bb font_size=\u00bblg:30&#8243;][\/vc_column][\/vc_row][vc_row full_width=\u00bbstretch_row\u00bb content_placement=\u00bbmiddle\u00bb background_color=\u00bbcustom\u00bb lg_spacing=\u00bbpadding_top:100;padding_bottom:40&#8243; gutter=\u00bbxs:30;sm:50;md:70;lg:100&#8243; custom_background_color=\u00bb#ffffff\u00bb][vc_column width=\u00bb1\/3&#8243;][tm_image image_size=\u00bbcustom\u00bb align=\u00bbcenter\u00bb md_align=\u00bbleft\u00bb sm_align=\u00bbleft\u00bb xs_align=\u00bbleft\u00bb image=\u00bb2370&#8243; image_size_height=\u00bb500&#8243;][tm_spacer size=\u00bblg:60&#8243;][tm_box_icon style=\u00bb10&#8243; icon_type=\u00bbsmilepure\u00bb icon_smilepure=\u00bbsmilepure-dentist-1&#8243; heading=\u00bbEquipo Multidisciplinario\u00bb text=\u00bbOfrecemos servicios de ortodoncia preventiva, est\u00e9tica y restauradora.\u00bb lg_spacing=\u00bbmargin_bottom:40&#8243;][tm_spacer size=\u00bblg:60&#8243;][\/vc_column][vc_column width=\u00bb1\/3&#8243;][tm_image image_size=\u00bbcustom\u00bb align=\u00bbcenter\u00bb md_align=\u00bbleft\u00bb sm_align=\u00bbleft\u00bb xs_align=\u00bbleft\u00bb image=\u00bb2331&#8243; image_size_height=\u00bb500&#8243;][tm_spacer size=\u00bblg:60&#8243;][tm_box_icon style=\u00bb10&#8243; align=\u00bbcenter\u00bb icon_type=\u00bbsmilepure\u00bb icon_smilepure=\u00bbsmilepure-tooth\u00bb heading=\u00bbLa familia es lo m\u00e1s importante\u00bb text=\u00bbApoyando tus finanzas contamos con flexibilidades de pago\u00bb lg_spacing=\u00bbmargin_bottom:40&#8243;][tm_spacer size=\u00bblg:60&#8243;][\/vc_column][vc_column width=\u00bb1\/3&#8243;][tm_box_icon style=\u00bb10&#8243; align=\u00bbcenter\u00bb icon_type=\u00bbsmilepure\u00bb icon_smilepure=\u00bbsmilepure-smartphone\u00bb heading=\u00bb\u00a1Agenda tu cita!\u00bb lg_spacing=\u00bbmargin_bottom:40&#8243;]<style id=\"wpforms-css-vars-3058\">\n\t\t\t\t#wpforms-3058 {\n\t\t\t\t\n\t\t\t}\n\t\t\t<\/style><div class=\"wpforms-container wpforms-container-full wpforms-render-modern\" id=\"wpforms-3058\"><form id=\"wpforms-form-3058\" class=\"wpforms-validate wpforms-form wpforms-ajax-form\" data-formid=\"3058\" method=\"post\" enctype=\"multipart\/form-data\" action=\"\/index.php\/wp-json\/wp\/v2\/pages\/2541\" data-token=\"306efd84e3d428ba2a22991fd50f97bb\" data-token-time=\"1776931832\"><noscript class=\"wpforms-error-noscript\">Por favor, activa JavaScript en tu navegador para completar este formulario.<\/noscript><div id=\"wpforms-error-noscript\" style=\"display: none;\">Por favor, activa JavaScript en tu navegador para completar este formulario.<\/div><div class=\"wpforms-field-container\"><div id=\"wpforms-3058-field_0-container\" class=\"wpforms-field wpforms-field-name\" data-field-id=\"0\"><label class=\"wpforms-field-label\" for=\"wpforms-3058-field_0\">Nombre Completo <span class=\"wpforms-required-label\" aria-hidden=\"true\">*<\/span><\/label><input type=\"text\" id=\"wpforms-3058-field_0\" class=\"wpforms-field-large wpforms-field-required\" name=\"wpforms[fields][0]\" aria-errormessage=\"wpforms-3058-field_0-error\" required><\/div><div id=\"wpforms-3058-field_3-container\" class=\"wpforms-field wpforms-field-number\" data-field-id=\"3\"><label class=\"wpforms-field-label\" for=\"wpforms-3058-field_3\">Tel\u00e9fono <span class=\"wpforms-required-label\" aria-hidden=\"true\">*<\/span><\/label><input type=\"number\" id=\"wpforms-3058-field_3\" class=\"wpforms-field-large wpforms-field-required\" name=\"wpforms[fields][3]\" step=\"any\" aria-errormessage=\"wpforms-3058-field_3-error\" required><\/div><div id=\"wpforms-3058-field_1-container\" class=\"wpforms-field wpforms-field-email\" data-field-id=\"1\"><label class=\"wpforms-field-label\" for=\"wpforms-3058-field_1\">Correo electr\u00f3nico <span class=\"wpforms-required-label\" aria-hidden=\"true\">*<\/span><\/label><input type=\"email\" id=\"wpforms-3058-field_1\" class=\"wpforms-field-large wpforms-field-required\" name=\"wpforms[fields][1]\" spellcheck=\"false\" aria-errormessage=\"wpforms-3058-field_1-error\" required><\/div><div id=\"wpforms-3058-field_4-container\" class=\"wpforms-field wpforms-field-select wpforms-field-select-style-classic\" data-field-id=\"4\"><label class=\"wpforms-field-label\" for=\"wpforms-3058-field_4\">Servicio deseado <span class=\"wpforms-required-label\" aria-hidden=\"true\">*<\/span><\/label><select id=\"wpforms-3058-field_4\" class=\"wpforms-field-large wpforms-field-required\" name=\"wpforms[fields][4]\" required=\"required\"><option value=\"General Inquiry\"  class=\"choice-1 depth-1\"  >General Inquiry<\/option><option value=\"Preventive - Dental cleaning\"  class=\"choice-2 depth-1\"  >Preventive - Dental cleaning<\/option><option value=\"Preventive - Sealing of pits and fissures\"  class=\"choice-3 depth-1\"  >Preventive - Sealing of pits and fissures<\/option><option value=\"Preventive - Maxillary Orthopedics\"  class=\"choice-4 depth-1\"  >Preventive - Maxillary Orthopedics<\/option><option value=\"Aesthetic - Teeth whitening\"  class=\"choice-5 depth-1\"  >Aesthetic - Teeth whitening<\/option><option value=\"Aesthetic - Veneers\"  class=\"choice-6 depth-1\"  >Aesthetic - Veneers<\/option><option value=\"Aesthetic - Crowns\"  class=\"choice-7 depth-1\"  >Aesthetic - Crowns<\/option><option value=\"Aesthetic - Inlays\"  class=\"choice-8 depth-1\"  >Aesthetic - Inlays<\/option><option value=\"Restoration - Dental Implants\"  class=\"choice-9 depth-1\"  >Restoration - Dental Implants<\/option><option value=\"Restoration - Endodontics\"  class=\"choice-10 depth-1\"  >Restoration - Endodontics<\/option><option value=\"Restoration - Orthodontics\"  class=\"choice-11 depth-1\"  >Restoration - Orthodontics<\/option><option value=\"Restoration - Oral rehabilitation\"  class=\"choice-12 depth-1\"  >Restoration - Oral rehabilitation<\/option><option value=\"Restoration - Maxillofacial Surgery\"  class=\"choice-13 depth-1\"  >Restoration - Maxillofacial Surgery<\/option><option value=\"Restoration - Periodontics\"  class=\"choice-14 depth-1\"  >Restoration - Periodontics<\/option><option value=\"Other Service \/ Reports\"  class=\"choice-15 depth-1\"  >Other Service \/ Reports<\/option><\/select><\/div><div id=\"wpforms-3058-field_5-container\" class=\"wpforms-field wpforms-field-text\" data-field-id=\"5\"><label class=\"wpforms-field-label\" for=\"wpforms-3058-field_5\">Comentarios <span class=\"wpforms-required-label\" aria-hidden=\"true\">*<\/span><\/label><input type=\"text\" id=\"wpforms-3058-field_5\" class=\"wpforms-field-large wpforms-field-required\" name=\"wpforms[fields][5]\" aria-errormessage=\"wpforms-3058-field_5-error\" required><\/div><\/div><!-- .wpforms-field-container --><div class=\"wpforms-recaptcha-container wpforms-is-recaptcha wpforms-is-recaptcha-type-v2\" ><div class=\"g-recaptcha\" data-sitekey=\"6Lc1YHQnAAAAABG7eVadKLEZ9aTpJUD0D94XnnfS\"><\/div><input type=\"text\" name=\"g-recaptcha-hidden\" class=\"wpforms-recaptcha-hidden\" style=\"position:absolute!important;clip:rect(0,0,0,0)!important;height:1px!important;width:1px!important;border:0!important;overflow:hidden!important;padding:0!important;margin:0!important;\" data-rule-recaptcha=\"1\"><\/div><div class=\"wpforms-submit-container\" ><input type=\"hidden\" name=\"wpforms[id]\" value=\"3058\"><input type=\"hidden\" name=\"page_title\" value=\"\"><input type=\"hidden\" name=\"page_url\" value=\"https:\/\/agmedical.com.mx\/index.php\/wp-json\/wp\/v2\/pages\/2541\"><input type=\"hidden\" name=\"url_referer\" value=\"\"><button type=\"submit\" name=\"wpforms[submit]\" id=\"wpforms-submit-3058\" class=\"wpforms-submit\" data-alt-text=\"Enviando...\" data-submit-text=\"Enviar\" aria-live=\"assertive\" value=\"wpforms-submit\">Enviar<\/button><img loading=\"lazy\" decoding=\"async\" src=\"https:\/\/agmedical.com.mx\/wp-content\/plugins\/wpforms-lite\/assets\/images\/submit-spin.svg\" class=\"wpforms-submit-spinner\" style=\"display: none;\" width=\"26\" height=\"26\" alt=\"Cargando\"><\/div><\/form><\/div>  <!-- .wpforms-container -->[\/vc_column][\/vc_row][vc_row full_width=\u00bbstretch_row\u00bb background_color=\u00bbcustom\u00bb lg_spacing=\u00bbpadding_top:100;padding_bottom:100&#8243; custom_background_color=\u00bb#f2f6f9&#8243;][vc_column][tm_heading tag=\u00bbh2&#8243; custom_google_font=\u00bb\u00bb align=\u00bbcenter\u00bb text=\u00bbServicios que ofrecemos\u00bb font_size=\u00bbxs:36;lg:42&#8243;][tm_spacer size=\u00bblg:20&#8243;][tm_heading custom_google_font=\u00bb\u00bb google_fonts=\u00bbfont_family:Poppins%3A300%2Cregular%2C500%2C600%2C700|font_style:700%20bold%20regular%3A700%3Anormal\u00bb align=\u00bbcenter\u00bb text=\u00bbEn nuestra cl\u00ednica puedes contar con servicios en odontolog\u00eda preventiva, odontolog\u00eda est\u00e9tica, odontolog\u00eda restauradora y ofrecemos implantes dentales de tecnolog\u00eda suiza.\u00bb font_size=\u00bblg:20&#8243; max_width=\u00bb630px\u00bb][tm_spacer size=\u00bblg:60&#8243;][\/vc_column][\/vc_row][vc_row][vc_column][tm_spacer size=\u00bblg:100&#8243;][tm_heading custom_google_font=\u00bb\u00bb align=\u00bbcenter\u00bb text=\u00bbGaler\u00eda de Sonrisas\u00bb font_size=\u00bbxs:36;lg:42&#8243;][tm_spacer size=\u00bblg:20&#8243;][tm_heading tag=\u00bbdiv\u00bb custom_google_font=\u00bb\u00bb align=\u00bbcenter\u00bb text=\u00bb\u00a1Forma parte de nuestra comunidad!\u00bb font_size=\u00bblg:17&#8243; max_width=\u00bb630px\u00bb][tm_spacer size=\u00bblg:60&#8243;][tm_gallery style=\u00bbmasonry\u00bb gutter=\u00bb30&#8243; row_gutter=\u00bb30&#8243; animation=\u00bbmove-left\u00bb images=\u00bb2559,2560,2561,2562,2563,2564&#8243; columns=\u00bbxs:1;sm:2;lg:2&#8243;][tm_spacer size=\u00bblg:100&#8243;][tm_icon icon_type=\u00bbfontawesome5&#8243; icon_fontawesome5=\u00bbfa fa-quote-right\u00bb align=\u00bbcenter\u00bb icon_color=\u00bbprimary\u00bb font_size=\u00bblg:40&#8243;][tm_spacer size=\u00bblg:20&#8243;][tm_heading tag=\u00bbh1&#8243; custom_google_font=\u00bb\u00bb font_weight=\u00bb500&#8243; text_transform=\u00bbuppercase\u00bb align=\u00bbcenter\u00bb text_color=\u00bbcustom\u00bb custom_text_color=\u00bb#ffffff\u00bb text=\u00bbNuestros pacientes dicen:\u00bb font_size=\u00bblg:14&#8243;][tm_spacer size=\u00bblg:40&#8243;][tm_testimonial number=\u00bb9&#8243; auto_play=\u00bb5000&#8243; nav=\u00bb2&#8243; carousel_gutter=\u00bblg:30&#8243; carousel_items_display=\u00bbxs:1;lg:1&#8243;][tm_spacer size=\u00bblg:100&#8243;][\/vc_column][\/vc_row]<\/p>\n","protected":false},"excerpt":{"rendered":"<p>[vc_row][vc_column][tm_spacer size=\u00bblg:10&#8243;][tm_heading custom_google_font=\u00bb\u00bb align=\u00bbcenter\u00bb text_color=\u00bbcustom\u00bb custom_text_color=\u00bb#ffffff\u00bb text=\u00bbBienvenido a AG Medical\u00bb font_size=\u00bbxs:36;lg:42&#8243;][tm_spacer size=\u00bblg:20&#8243;][tm_heading tag=\u00bbdiv\u00bb custom_google_font=\u00bb\u00bb align=\u00bbcenter\u00bb text=\u00bbNuestro objetivo es tu bienestar a trav\u00e9s de un tratamiento a tu medida.\u00bb font_size=\u00bblg:30&#8243;][\/vc_column][\/vc_row][vc_row full_width=\u00bbstretch_row\u00bb content_placement=\u00bbmiddle\u00bb background_color=\u00bbcustom\u00bb lg_spacing=\u00bbpadding_top:100;padding_bottom:40&#8243; gutter=\u00bbxs:30;sm:50;md:70;lg:100&#8243; custom_background_color=\u00bb#ffffff\u00bb][vc_column width=\u00bb1\/3&#8243;][tm_image image_size=\u00bbcustom\u00bb align=\u00bbcenter\u00bb md_align=\u00bbleft\u00bb sm_align=\u00bbleft\u00bb xs_align=\u00bbleft\u00bb image=\u00bb2370&#8243; image_size_height=\u00bb500&#8243;][tm_spacer size=\u00bblg:60&#8243;][tm_box_icon style=\u00bb10&#8243; icon_type=\u00bbsmilepure\u00bb icon_smilepure=\u00bbsmilepure-dentist-1&#8243; heading=\u00bbEquipo Multidisciplinario\u00bb text=\u00bbOfrecemos servicios de ortodoncia preventiva, est\u00e9tica y restauradora.\u00bb lg_spacing=\u00bbmargin_bottom:40&#8243;][tm_spacer size=\u00bblg:60&#8243;][\/vc_column][vc_column width=\u00bb1\/3&#8243;][tm_image image_size=\u00bbcustom\u00bb align=\u00bbcenter\u00bb md_align=\u00bbleft\u00bb sm_align=\u00bbleft\u00bb xs_align=\u00bbleft\u00bb image=\u00bb2331&#8243; image_size_height=\u00bb500&#8243;][tm_spacer size=\u00bblg:60&#8243;][tm_box_icon style=\u00bb10&#8243; align=\u00bbcenter\u00bb icon_type=\u00bbsmilepure\u00bb icon_smilepure=\u00bbsmilepure-tooth\u00bb heading=\u00bbLa familia es lo m\u00e1s importante\u00bb text=\u00bbApoyando tus finanzas contamos con flexibilidades de pago\u00bb lg_spacing=\u00bbmargin_bottom:40&#8243;][tm_spacer size=\u00bblg:60&#8243;][\/vc_column][vc_column width=\u00bb1\/3&#8243;][tm_box_icon style=\u00bb10&#8243; align=\u00bbcenter\u00bb icon_type=\u00bbsmilepure\u00bb icon_smilepure=\u00bbsmilepure-smartphone\u00bb heading=\u00bb\u00a1Agenda tu cita!\u00bb lg_spacing=\u00bbmargin_bottom:40&#8243;][\/vc_column][\/vc_row][vc_row full_width=\u00bbstretch_row\u00bb background_color=\u00bbcustom\u00bb lg_spacing=\u00bbpadding_top:100;padding_bottom:100&#8243; custom_background_color=\u00bb#f2f6f9&#8243;][vc_column][tm_heading tag=\u00bbh2&#8243; custom_google_font=\u00bb\u00bb align=\u00bbcenter\u00bb text=\u00bbServicios que ofrecemos\u00bb font_size=\u00bbxs:36;lg:42&#8243;][tm_spacer size=\u00bblg:20&#8243;][tm_heading custom_google_font=\u00bb\u00bb google_fonts=\u00bbfont_family:Poppins%3A300%2Cregular%2C500%2C600%2C700|font_style:700%20bold%20regular%3A700%3Anormal\u00bb align=\u00bbcenter\u00bb text=\u00bbEn nuestra cl\u00ednica puedes contar con servicios en odontolog\u00eda preventiva, odontolog\u00eda est\u00e9tica, odontolog\u00eda restauradora y ofrecemos implantes dentales de tecnolog\u00eda suiza.\u00bb font_size=\u00bblg:20&#8243; max_width=\u00bb630px\u00bb][tm_spacer size=\u00bblg:60&#8243;][\/vc_column][\/vc_row][vc_row][vc_column][tm_spacer size=\u00bblg:100&#8243;][tm_heading custom_google_font=\u00bb\u00bb align=\u00bbcenter\u00bb text=\u00bbGaler\u00eda de Sonrisas\u00bb font_size=\u00bbxs:36;lg:42&#8243;][tm_spacer size=\u00bblg:20&#8243;][tm_heading tag=\u00bbdiv\u00bb custom_google_font=\u00bb\u00bb align=\u00bbcenter\u00bb text=\u00bb\u00a1Forma parte de nuestra comunidad!\u00bb font_size=\u00bblg:17&#8243; max_width=\u00bb630px\u00bb][tm_spacer size=\u00bblg:60&#8243;][tm_gallery style=\u00bbmasonry\u00bb gutter=\u00bb30&#8243; row_gutter=\u00bb30&#8243; animation=\u00bbmove-left\u00bb images=\u00bb2559,2560,2561,2562,2563,2564&#8243; columns=\u00bbxs:1;sm:2;lg:2&#8243;][tm_spacer size=\u00bblg:100&#8243;][tm_icon icon_type=\u00bbfontawesome5&#8243; icon_fontawesome5=\u00bbfa fa-quote-right\u00bb align=\u00bbcenter\u00bb icon_color=\u00bbprimary\u00bb font_size=\u00bblg:40&#8243;][tm_spacer size=\u00bblg:20&#8243;][tm_heading tag=\u00bbh1&#8243; custom_google_font=\u00bb\u00bb font_weight=\u00bb500&#8243; text_transform=\u00bbuppercase\u00bb align=\u00bbcenter\u00bb text_color=\u00bbcustom\u00bb custom_text_color=\u00bb#ffffff\u00bb text=\u00bbNuestros pacientes dicen:\u00bb font_size=\u00bblg:14&#8243;][tm_spacer size=\u00bblg:40&#8243;][tm_testimonial number=\u00bb9&#8243; auto_play=\u00bb5000&#8243; nav=\u00bb2&#8243; carousel_gutter=\u00bblg:30&#8243; carousel_items_display=\u00bbxs:1;lg:1&#8243;][tm_spacer size=\u00bblg:100&#8243;][\/vc_column][\/vc_row]<\/p>\n","protected":false},"author":1,"featured_media":0,"parent":0,"menu_order":0,"comment_status":"closed","ping_status":"closed","template":"","meta":{"_joinchat":[],"footnotes":""},"class_list":["post-2541","page","type-page","status-publish","hentry"],"_links":{"self":[{"href":"https:\/\/agmedical.com.mx\/index.php\/wp-json\/wp\/v2\/pages\/2541","targetHints":{"allow":["GET"]}}],"collection":[{"href":"https:\/\/agmedical.com.mx\/index.php\/wp-json\/wp\/v2\/pages"}],"about":[{"href":"https:\/\/agmedical.com.mx\/index.php\/wp-json\/wp\/v2\/types\/page"}],"author":[{"embeddable":true,"href":"https:\/\/agmedical.com.mx\/index.php\/wp-json\/wp\/v2\/users\/1"}],"replies":[{"embeddable":true,"href":"https:\/\/agmedical.com.mx\/index.php\/wp-json\/wp\/v2\/comments?post=2541"}],"version-history":[{"count":29,"href":"https:\/\/agmedical.com.mx\/index.php\/wp-json\/wp\/v2\/pages\/2541\/revisions"}],"predecessor-version":[{"id":3068,"href":"https:\/\/agmedical.com.mx\/index.php\/wp-json\/wp\/v2\/pages\/2541\/revisions\/3068"}],"wp:attachment":[{"href":"https:\/\/agmedical.com.mx\/index.php\/wp-json\/wp\/v2\/media?parent=2541"}],"curies":[{"name":"wp","href":"https:\/\/api.w.org\/{rel}","templated":true}]}}