{"id":2501,"date":"2020-08-13T19:59:20","date_gmt":"2020-08-14T01:59:20","guid":{"rendered":"https:\/\/agmedical.com.mx\/?page_id=2501"},"modified":"2023-07-31T15:27:34","modified_gmt":"2023-07-31T21:27:34","slug":"odontologia-restauadora","status":"publish","type":"page","link":"https:\/\/agmedical.com.mx\/index.php\/odontologia-restauadora\/","title":{"rendered":"Odontolog\u00eda Restauadora"},"content":{"rendered":"<p>[vc_row][vc_column][tm_heading custom_google_font=\u00bb\u00bb align=\u00bbcenter\u00bb text=\u00bbQueremos que te sientas bien con tu sonrisa.\u00bb font_size=\u00bbxs:36;lg:42&#8243;][tm_spacer size=\u00bblg:70&#8243;][tm_spacer size=\u00bbxs:50;lg:20&#8243;][\/vc_column][\/vc_row][vc_row full_width=\u00bbstretch_row\u00bb background_color=\u00bbcustom\u00bb background_repeat=\u00bbrepeat\u00bb background_size=\u00bbauto\u00bb custom_background_color=\u00bb#f2f6f9&#8243; background_image=\u00bb917&#8243;][vc_column][tm_spacer size=\u00bblg:100&#8243;][tm_heading custom_google_font=\u00bb\u00bb font_weight=\u00bb500&#8243; text_transform=\u00bbuppercase\u00bb align=\u00bbcenter\u00bb text_color=\u00bbcustom\u00bb custom_text_color=\u00bb#486683&#8243; text=\u00bbOdontolog\u00eda Restauradora\u00bb font_size=\u00bblg:14&#8243; letter_spacing=\u00bb1.75px\u00bb][tm_spacer size=\u00bblg:15&#8243;][tm_heading custom_google_font=\u00bb\u00bb font_weight=\u00bb500&#8243; text_transform=\u00bbuppercase\u00bb align=\u00bbcenter\u00bb text_color=\u00bbcustom\u00bb custom_text_color=\u00bb#486683&#8243; text=\u00bbQueremos que tengas una bella sonrisa y te podemos ayudar.\u00bb font_size=\u00bblg:14&#8243; letter_spacing=\u00bb1.75px\u00bb][tm_spacer size=\u00bblg:50&#8243;][vc_tta_tabs active_section=\u00bb1&#8243;][vc_tta_section title=\u00bbImplantolog\u00eda\u00bb tab_id=\u00bb1562061089374-0edeba21-7b87&#8243;][vc_row_inner content_placement=\u00bbmiddle\u00bb gutter=\u00bblg:65&#8243;][vc_column_inner offset=\u00bbvc_col-lg-6&#8243;][tm_image image_size=\u00bbcustom\u00bb align=\u00bbcenter\u00bb image=\u00bb2729&#8243; image_size_width=\u00bb300&#8243;][\/vc_column_inner][vc_column_inner offset=\u00bbvc_col-lg-6&#8243;][tm_spacer size=\u00bblg:30&#8243;][tm_heading custom_google_font=\u00bb\u00bb text=\u00bbImplantolog\u00eda\u00bb font_size=\u00bblg:30&#8243;][tm_spacer size=\u00bblg:10&#8243;][tm_heading tag=\u00bbdiv\u00bb custom_google_font=\u00bb\u00bb text=\u00bbSustituye piezas dentales perdidas con una de las terapias m\u00e1s avanzadas de la odontolog\u00eda.\u00bb][tm_spacer size=\u00bblg:10&#8243;][tm_heading tag=\u00bbdiv\u00bb custom_google_font=\u00bb\u00bb text=\u00bb<strong>Encuentra m\u00e1s detalles en nuestra secci\u00f3n de implantes.<\/strong>\u00bb link=\u00bbhttps:\/\/agmedical.com.mx\/index.php\/implantes-dentales\u00bb][tm_spacer size=\u00bblg:35&#8243;][tm_spacer size=\u00bblg:50&#8243;][\/vc_column_inner][\/vc_row_inner][\/vc_tta_section][vc_tta_section title=\u00bbCirug\u00eda de Terceros Molares\u00bb tab_id=\u00bb1610208798117-2f212113-6ac5&#8243;][vc_row_inner content_placement=\u00bbmiddle\u00bb gutter=\u00bblg:65&#8243;][vc_column_inner offset=\u00bbvc_col-lg-6&#8243;][tm_image image_size=\u00bbcustom\u00bb align=\u00bbcenter\u00bb image_size_width=\u00bb300&#8243; image=\u00bb1115&#8243;][\/vc_column_inner][vc_column_inner offset=\u00bbvc_col-lg-6&#8243;][tm_spacer size=\u00bblg:30&#8243;][tm_heading custom_google_font=\u00bb\u00bb text=\u00bbCirug\u00eda de Terceros Molares\u00bb font_size=\u00bblg:30&#8243;][tm_spacer size=\u00bblg:10&#8243;][tm_heading tag=\u00bbdiv\u00bb custom_google_font=\u00bb\u00bb text=\u00bbLa extracci\u00f3n de los terceros molares (tambi\u00e9n conocidos como muelas del juicio) es un procedimiento quir\u00fargico para extraer los molares de hasta atr\u00e1s tanto de arriba como abajo.<\/p>\n<p>Por lo general, estos molares no tienen espacio suficiente para salir, provocando dolor y\/o infecci\u00f3n adem\u00e1s de pueden mover los dientes vecinos o incluso da\u00f1arlos de manera irreversible.<\/p>\n<p>Por lo conflictivo que pueden ser los terceros molares, recomendamos en la mayor\u00eda de los casos quitarlos antes de que puedan provocar problemas futuros.<\/p>\n<p>Para poder realizar el procedimiento se requiere de la <strong>radiograf\u00eda panor\u00e1mica.<\/strong>\u00ab][tm_spacer size=\u00bblg:35&#8243;][tm_heading custom_google_font=\u00bb\u00bb align=\u00bbcenter\u00bb text=\u00bbAcude a tu cita de valoraci\u00f3n para explicarte con detalle tu caso.\u00bb font_size=\u00bblg:30&#8243;][tm_spacer size=\u00bblg:50&#8243;][\/vc_column_inner][\/vc_row_inner][\/vc_tta_section][vc_tta_section title=\u00bbEndodoncia\u00bb tab_id=\u00bb1562061089413-e70e6f21-49f0&#8243;][vc_row_inner content_placement=\u00bbmiddle\u00bb gutter=\u00bblg:65&#8243;][vc_column_inner content_alignment=\u00bbcenter\u00bb offset=\u00bbvc_col-lg-6&#8243;][tm_image image_size=\u00bbcustom\u00bb align=\u00bbcenter\u00bb image=\u00bb508&#8243; image_size_width=\u00bb300&#8243;][\/vc_column_inner][vc_column_inner offset=\u00bbvc_col-lg-6&#8243;][tm_spacer size=\u00bblg:30&#8243;][tm_heading custom_google_font=\u00bb\u00bb text=\u00bbEndodoncia\u00bb font_size=\u00bblg:30&#8243;][tm_spacer size=\u00bblg:10&#8243;][tm_heading tag=\u00bbdiv\u00bb custom_google_font=\u00bb\u00bb text=\u00bbSalva a tu diente, se utiliza en dientes con infecci\u00f3n y\/o caries avanzadas que suelen provocar dolor muy intenso.\u00bb][tm_spacer size=\u00bblg:35&#8243;][tm_spacer size=\u00bblg:50&#8243;][\/vc_column_inner][\/vc_row_inner][\/vc_tta_section][vc_tta_section title=\u00bbOrtodoncia\u00bb tab_id=\u00bb1562061089445-463457cf-c691&#8243;][vc_row_inner content_placement=\u00bbmiddle\u00bb gutter=\u00bblg:65&#8243;][vc_column_inner content_alignment=\u00bbcenter\u00bb offset=\u00bbvc_col-lg-6&#8243;][tm_image image_size=\u00bbcustom\u00bb align=\u00bbcenter\u00bb image=\u00bb511&#8243; image_size_width=\u00bb300&#8243;][\/vc_column_inner][vc_column_inner offset=\u00bbvc_col-lg-6&#8243;][tm_spacer size=\u00bblg:30&#8243;][tm_heading custom_google_font=\u00bb\u00bb text=\u00bbOrtodoncia\u00bb font_size=\u00bblg:30&#8243;][tm_spacer size=\u00bblg:10&#8243;][tm_heading tag=\u00bbdiv\u00bb custom_google_font=\u00bb\u00bb text=\u00bbCorrige la malposici\u00f3n de tus dientes, trata problemas de mordida (oclusi\u00f3n). Uno de los tratamientos m\u00ednimamente invasivos.\u00bb][tm_spacer size=\u00bblg:35&#8243;][tm_spacer size=\u00bblg:50&#8243;][\/vc_column_inner][\/vc_row_inner][\/vc_tta_section][vc_tta_section title=\u00bbRehabilitaci\u00f3n bucal\u00bb tab_id=\u00bb1597367066342-de9d3327-c123&#8243;][vc_row_inner content_placement=\u00bbmiddle\u00bb gutter=\u00bblg:65&#8243;][vc_column_inner content_alignment=\u00bbcenter\u00bb offset=\u00bbvc_col-lg-6&#8243;][tm_image image_size=\u00bbcustom\u00bb align=\u00bbcenter\u00bb image=\u00bb1118&#8243; image_size_width=\u00bb300&#8243;][tm_spacer size=\u00bblg:10&#8243;][\/vc_column_inner][vc_column_inner offset=\u00bbvc_col-lg-6&#8243;][tm_spacer size=\u00bblg:30&#8243;][tm_heading custom_google_font=\u00bb\u00bb text=\u00bbRehabilitaci\u00f3n bucal\u00bb font_size=\u00bblg:30&#8243;][tm_spacer size=\u00bblg:10&#8243;][tm_heading tag=\u00bbdiv\u00bb custom_google_font=\u00bb\u00bb text=\u00bbDevuelve la funci\u00f3n, forma y est\u00e9tica de todos tus dientes, terapia utilizada para casos complejos que suelen abarcar pr\u00f3tesis en todos los dientes.\u00bb][tm_spacer size=\u00bblg:35&#8243;][tm_spacer size=\u00bblg:50&#8243;][\/vc_column_inner][\/vc_row_inner][\/vc_tta_section][vc_tta_section title=\u00bbCirug\u00eda maxilofacial\u00bb tab_id=\u00bb1597368953090-ca7f4dae-ad23&#8243;][vc_row_inner content_placement=\u00bbmiddle\u00bb gutter=\u00bblg:65&#8243;][vc_column_inner content_alignment=\u00bbcenter\u00bb offset=\u00bbvc_col-lg-6&#8243;][tm_image image_size=\u00bbcustom\u00bb align=\u00bbcenter\u00bb image=\u00bb2331&#8243; image_size_width=\u00bb300&#8243;][tm_spacer size=\u00bblg:10&#8243;][\/vc_column_inner][vc_column_inner offset=\u00bbvc_col-lg-6&#8243;][tm_spacer size=\u00bblg:30&#8243;][tm_heading custom_google_font=\u00bb\u00bb text=\u00bbCirug\u00eda maxilofacial\u00bb font_size=\u00bblg:30&#8243;][tm_spacer size=\u00bblg:10&#8243;][tm_heading tag=\u00bbdiv\u00bb custom_google_font=\u00bb\u00bb text=\u00bbEs el especialista de la odontolog\u00eda que se encarga de la cirug\u00eda mayor: Trauma, problemas esquel\u00e9ticos severos (cirug\u00eda ortogn\u00e1tica), quistes, etc.\u00bb][tm_spacer size=\u00bblg:35&#8243;][tm_spacer size=\u00bblg:50&#8243;][\/vc_column_inner][\/vc_row_inner][\/vc_tta_section][vc_tta_section title=\u00bbPeriodoncia\u00bb tab_id=\u00bb1597368979594-aac0ae1b-05ee\u00bb][vc_row_inner content_placement=\u00bbmiddle\u00bb gutter=\u00bblg:65&#8243;][vc_column_inner content_alignment=\u00bbcenter\u00bb offset=\u00bbvc_col-lg-6&#8243;][tm_image image_size=\u00bbcustom\u00bb align=\u00bbcenter\u00bb image=\u00bb2035&#8243; image_size_width=\u00bb300&#8243;][tm_spacer size=\u00bblg:10&#8243;][\/vc_column_inner][vc_column_inner offset=\u00bbvc_col-lg-6&#8243;][tm_spacer size=\u00bblg:30&#8243;][tm_heading custom_google_font=\u00bb\u00bb text=\u00bbPeriodoncia\u00bb font_size=\u00bblg:30&#8243;][tm_spacer size=\u00bblg:10&#8243;][tm_heading tag=\u00bbdiv\u00bb custom_google_font=\u00bb\u00bb text=\u00bbHay problemas en la enc\u00eda y hueso (periodontales) como la periodont\u00edtis que de no ser tratado, puedes llegar a perder tus dientes.\u00bb][tm_spacer size=\u00bblg:35&#8243;][tm_spacer size=\u00bblg:50&#8243;][\/vc_column_inner][\/vc_row_inner][\/vc_tta_section][\/vc_tta_tabs][tm_spacer size=\u00bblg:150&#8243;][\/vc_column][\/vc_row][vc_row full_width=\u00bbstretch_row\u00bb][vc_column][tm_spacer size=\u00bblg:100&#8243;][tm_spacer size=\u00bblg:300&#8243;][\/vc_column][\/vc_row]<\/p>\n","protected":false},"excerpt":{"rendered":"<p>[vc_row][vc_column][tm_heading custom_google_font=\u00bb\u00bb align=\u00bbcenter\u00bb text=\u00bbQueremos que te sientas bien con tu sonrisa.\u00bb font_size=\u00bbxs:36;lg:42&#8243;][tm_spacer size=\u00bblg:70&#8243;][tm_spacer size=\u00bbxs:50;lg:20&#8243;][\/vc_column][\/vc_row][vc_row full_width=\u00bbstretch_row\u00bb background_color=\u00bbcustom\u00bb background_repeat=\u00bbrepeat\u00bb background_size=\u00bbauto\u00bb custom_background_color=\u00bb#f2f6f9&#8243; background_image=\u00bb917&#8243;][vc_column][tm_spacer size=\u00bblg:100&#8243;][tm_heading custom_google_font=\u00bb\u00bb font_weight=\u00bb500&#8243; text_transform=\u00bbuppercase\u00bb align=\u00bbcenter\u00bb text_color=\u00bbcustom\u00bb custom_text_color=\u00bb#486683&#8243; text=\u00bbOdontolog\u00eda Restauradora\u00bb font_size=\u00bblg:14&#8243; letter_spacing=\u00bb1.75px\u00bb][tm_spacer size=\u00bblg:15&#8243;][tm_heading custom_google_font=\u00bb\u00bb font_weight=\u00bb500&#8243; text_transform=\u00bbuppercase\u00bb align=\u00bbcenter\u00bb text_color=\u00bbcustom\u00bb custom_text_color=\u00bb#486683&#8243; text=\u00bbQueremos que tengas una bella sonrisa y te podemos ayudar.\u00bb font_size=\u00bblg:14&#8243; letter_spacing=\u00bb1.75px\u00bb][tm_spacer size=\u00bblg:50&#8243;][vc_tta_tabs active_section=\u00bb1&#8243;][vc_tta_section title=\u00bbImplantolog\u00eda\u00bb tab_id=\u00bb1562061089374-0edeba21-7b87&#8243;][vc_row_inner content_placement=\u00bbmiddle\u00bb gutter=\u00bblg:65&#8243;][vc_column_inner offset=\u00bbvc_col-lg-6&#8243;][tm_image image_size=\u00bbcustom\u00bb align=\u00bbcenter\u00bb image=\u00bb2729&#8243; image_size_width=\u00bb300&#8243;][\/vc_column_inner][vc_column_inner offset=\u00bbvc_col-lg-6&#8243;][tm_spacer size=\u00bblg:30&#8243;][tm_heading custom_google_font=\u00bb\u00bb text=\u00bbImplantolog\u00eda\u00bb font_size=\u00bblg:30&#8243;][tm_spacer size=\u00bblg:10&#8243;][tm_heading tag=\u00bbdiv\u00bb custom_google_font=\u00bb\u00bb text=\u00bbSustituye piezas dentales perdidas con una de las terapias m\u00e1s avanzadas de la odontolog\u00eda.\u00bb][tm_spacer size=\u00bblg:10&#8243;][tm_heading tag=\u00bbdiv\u00bb custom_google_font=\u00bb\u00bb text=\u00bbEncuentra m\u00e1s detalles en nuestra secci\u00f3n de implantes.\u00bb link=\u00bbhttps:\/\/agmedical.com.mx\/index.php\/implantes-dentales\u00bb][tm_spacer size=\u00bblg:35&#8243;][tm_spacer size=\u00bblg:50&#8243;][\/vc_column_inner][\/vc_row_inner][\/vc_tta_section][vc_tta_section title=\u00bbCirug\u00eda de Terceros Molares\u00bb tab_id=\u00bb1610208798117-2f212113-6ac5&#8243;][vc_row_inner content_placement=\u00bbmiddle\u00bb gutter=\u00bblg:65&#8243;][vc_column_inner offset=\u00bbvc_col-lg-6&#8243;][tm_image image_size=\u00bbcustom\u00bb align=\u00bbcenter\u00bb image_size_width=\u00bb300&#8243; image=\u00bb1115&#8243;][\/vc_column_inner][vc_column_inner offset=\u00bbvc_col-lg-6&#8243;][tm_spacer size=\u00bblg:30&#8243;][tm_heading custom_google_font=\u00bb\u00bb text=\u00bbCirug\u00eda de Terceros Molares\u00bb font_size=\u00bblg:30&#8243;][tm_spacer size=\u00bblg:10&#8243;][tm_heading tag=\u00bbdiv\u00bb custom_google_font=\u00bb\u00bb text=\u00bbLa extracci\u00f3n de los terceros molares (tambi\u00e9n conocidos como muelas del juicio) es un procedimiento quir\u00fargico para extraer los molares de hasta atr\u00e1s tanto de arriba como abajo. Por lo general, estos molares no tienen espacio suficiente para salir, provocando dolor y\/o infecci\u00f3n adem\u00e1s de pueden mover los dientes vecinos o incluso da\u00f1arlos de manera irreversible. Por lo conflictivo que pueden ser los terceros molares, recomendamos en la mayor\u00eda de los casos quitarlos antes de que puedan provocar problemas futuros. Para poder realizar el procedimiento se requiere de la radiograf\u00eda panor\u00e1mica.\u00ab][tm_spacer size=\u00bblg:35&#8243;][tm_heading custom_google_font=\u00bb\u00bb align=\u00bbcenter\u00bb text=\u00bbAcude a tu cita de valoraci\u00f3n para explicarte con detalle tu caso.\u00bb font_size=\u00bblg:30&#8243;][tm_spacer size=\u00bblg:50&#8243;][\/vc_column_inner][\/vc_row_inner][\/vc_tta_section][vc_tta_section title=\u00bbEndodoncia\u00bb tab_id=\u00bb1562061089413-e70e6f21-49f0&#8243;][vc_row_inner content_placement=\u00bbmiddle\u00bb gutter=\u00bblg:65&#8243;][vc_column_inner content_alignment=\u00bbcenter\u00bb offset=\u00bbvc_col-lg-6&#8243;][tm_image image_size=\u00bbcustom\u00bb align=\u00bbcenter\u00bb image=\u00bb508&#8243; image_size_width=\u00bb300&#8243;][\/vc_column_inner][vc_column_inner offset=\u00bbvc_col-lg-6&#8243;][tm_spacer size=\u00bblg:30&#8243;][tm_heading custom_google_font=\u00bb\u00bb text=\u00bbEndodoncia\u00bb font_size=\u00bblg:30&#8243;][tm_spacer size=\u00bblg:10&#8243;][tm_heading tag=\u00bbdiv\u00bb custom_google_font=\u00bb\u00bb text=\u00bbSalva a tu diente, se utiliza en dientes con infecci\u00f3n y\/o caries avanzadas que suelen provocar dolor muy intenso.\u00bb][tm_spacer size=\u00bblg:35&#8243;][tm_spacer size=\u00bblg:50&#8243;][\/vc_column_inner][\/vc_row_inner][\/vc_tta_section][vc_tta_section title=\u00bbOrtodoncia\u00bb tab_id=\u00bb1562061089445-463457cf-c691&#8243;][vc_row_inner content_placement=\u00bbmiddle\u00bb gutter=\u00bblg:65&#8243;][vc_column_inner content_alignment=\u00bbcenter\u00bb offset=\u00bbvc_col-lg-6&#8243;][tm_image image_size=\u00bbcustom\u00bb align=\u00bbcenter\u00bb image=\u00bb511&#8243; image_size_width=\u00bb300&#8243;][\/vc_column_inner][vc_column_inner offset=\u00bbvc_col-lg-6&#8243;][tm_spacer size=\u00bblg:30&#8243;][tm_heading custom_google_font=\u00bb\u00bb text=\u00bbOrtodoncia\u00bb font_size=\u00bblg:30&#8243;][tm_spacer size=\u00bblg:10&#8243;][tm_heading tag=\u00bbdiv\u00bb custom_google_font=\u00bb\u00bb text=\u00bbCorrige la malposici\u00f3n de tus dientes, trata problemas de mordida (oclusi\u00f3n). Uno de los tratamientos m\u00ednimamente invasivos.\u00bb][tm_spacer size=\u00bblg:35&#8243;][tm_spacer size=\u00bblg:50&#8243;][\/vc_column_inner][\/vc_row_inner][\/vc_tta_section][vc_tta_section title=\u00bbRehabilitaci\u00f3n bucal\u00bb tab_id=\u00bb1597367066342-de9d3327-c123&#8243;][vc_row_inner content_placement=\u00bbmiddle\u00bb gutter=\u00bblg:65&#8243;][vc_column_inner content_alignment=\u00bbcenter\u00bb offset=\u00bbvc_col-lg-6&#8243;][tm_image image_size=\u00bbcustom\u00bb align=\u00bbcenter\u00bb image=\u00bb1118&#8243; image_size_width=\u00bb300&#8243;][tm_spacer size=\u00bblg:10&#8243;][\/vc_column_inner][vc_column_inner offset=\u00bbvc_col-lg-6&#8243;][tm_spacer size=\u00bblg:30&#8243;][tm_heading custom_google_font=\u00bb\u00bb text=\u00bbRehabilitaci\u00f3n bucal\u00bb font_size=\u00bblg:30&#8243;][tm_spacer size=\u00bblg:10&#8243;][tm_heading tag=\u00bbdiv\u00bb custom_google_font=\u00bb\u00bb text=\u00bbDevuelve la funci\u00f3n, forma y est\u00e9tica de todos tus dientes, terapia utilizada para casos complejos que suelen abarcar pr\u00f3tesis en todos los dientes.\u00bb][tm_spacer size=\u00bblg:35&#8243;][tm_spacer size=\u00bblg:50&#8243;][\/vc_column_inner][\/vc_row_inner][\/vc_tta_section][vc_tta_section title=\u00bbCirug\u00eda maxilofacial\u00bb tab_id=\u00bb1597368953090-ca7f4dae-ad23&#8243;][vc_row_inner content_placement=\u00bbmiddle\u00bb gutter=\u00bblg:65&#8243;][vc_column_inner content_alignment=\u00bbcenter\u00bb offset=\u00bbvc_col-lg-6&#8243;][tm_image image_size=\u00bbcustom\u00bb align=\u00bbcenter\u00bb image=\u00bb2331&#8243; image_size_width=\u00bb300&#8243;][tm_spacer size=\u00bblg:10&#8243;][\/vc_column_inner][vc_column_inner offset=\u00bbvc_col-lg-6&#8243;][tm_spacer size=\u00bblg:30&#8243;][tm_heading custom_google_font=\u00bb\u00bb text=\u00bbCirug\u00eda maxilofacial\u00bb font_size=\u00bblg:30&#8243;][tm_spacer size=\u00bblg:10&#8243;][tm_heading tag=\u00bbdiv\u00bb custom_google_font=\u00bb\u00bb text=\u00bbEs el especialista de la odontolog\u00eda que se encarga de la cirug\u00eda mayor: Trauma, problemas esquel\u00e9ticos severos (cirug\u00eda ortogn\u00e1tica), quistes, etc.\u00bb][tm_spacer size=\u00bblg:35&#8243;][tm_spacer size=\u00bblg:50&#8243;][\/vc_column_inner][\/vc_row_inner][\/vc_tta_section][vc_tta_section title=\u00bbPeriodoncia\u00bb tab_id=\u00bb1597368979594-aac0ae1b-05ee\u00bb][vc_row_inner content_placement=\u00bbmiddle\u00bb gutter=\u00bblg:65&#8243;][vc_column_inner content_alignment=\u00bbcenter\u00bb offset=\u00bbvc_col-lg-6&#8243;][tm_image image_size=\u00bbcustom\u00bb align=\u00bbcenter\u00bb image=\u00bb2035&#8243; image_size_width=\u00bb300&#8243;][tm_spacer size=\u00bblg:10&#8243;][\/vc_column_inner][vc_column_inner offset=\u00bbvc_col-lg-6&#8243;][tm_spacer size=\u00bblg:30&#8243;][tm_heading custom_google_font=\u00bb\u00bb text=\u00bbPeriodoncia\u00bb font_size=\u00bblg:30&#8243;][tm_spacer size=\u00bblg:10&#8243;][tm_heading tag=\u00bbdiv\u00bb custom_google_font=\u00bb\u00bb text=\u00bbHay problemas en la enc\u00eda y hueso (periodontales) como la periodont\u00edtis que de no ser tratado, puedes llegar a perder tus dientes.\u00bb][tm_spacer size=\u00bblg:35&#8243;][tm_spacer size=\u00bblg:50&#8243;][\/vc_column_inner][\/vc_row_inner][\/vc_tta_section][\/vc_tta_tabs][tm_spacer size=\u00bblg:150&#8243;][\/vc_column][\/vc_row][vc_row full_width=\u00bbstretch_row\u00bb][vc_column][tm_spacer size=\u00bblg:100&#8243;][tm_spacer size=\u00bblg:300&#8243;][\/vc_column][\/vc_row]<\/p>\n","protected":false},"author":1,"featured_media":0,"parent":0,"menu_order":0,"comment_status":"closed","ping_status":"closed","template":"","meta":{"_joinchat":[],"footnotes":""},"class_list":["post-2501","page","type-page","status-publish","hentry"],"_links":{"self":[{"href":"https:\/\/agmedical.com.mx\/index.php\/wp-json\/wp\/v2\/pages\/2501","targetHints":{"allow":["GET"]}}],"collection":[{"href":"https:\/\/agmedical.com.mx\/index.php\/wp-json\/wp\/v2\/pages"}],"about":[{"href":"https:\/\/agmedical.com.mx\/index.php\/wp-json\/wp\/v2\/types\/page"}],"author":[{"embeddable":true,"href":"https:\/\/agmedical.com.mx\/index.php\/wp-json\/wp\/v2\/users\/1"}],"replies":[{"embeddable":true,"href":"https:\/\/agmedical.com.mx\/index.php\/wp-json\/wp\/v2\/comments?post=2501"}],"version-history":[{"count":13,"href":"https:\/\/agmedical.com.mx\/index.php\/wp-json\/wp\/v2\/pages\/2501\/revisions"}],"predecessor-version":[{"id":2923,"href":"https:\/\/agmedical.com.mx\/index.php\/wp-json\/wp\/v2\/pages\/2501\/revisions\/2923"}],"wp:attachment":[{"href":"https:\/\/agmedical.com.mx\/index.php\/wp-json\/wp\/v2\/media?parent=2501"}],"curies":[{"name":"wp","href":"https:\/\/api.w.org\/{rel}","templated":true}]}}