{"id":2498,"date":"2020-08-13T19:14:54","date_gmt":"2020-08-14T01:14:54","guid":{"rendered":"https:\/\/agmedical.com.mx\/?page_id=2498"},"modified":"2023-07-31T15:27:45","modified_gmt":"2023-07-31T21:27:45","slug":"odontologia-estetica","status":"publish","type":"page","link":"https:\/\/agmedical.com.mx\/index.php\/odontologia-estetica\/","title":{"rendered":"Odontolog\u00eda Est\u00e9tica"},"content":{"rendered":"<p>[vc_row][vc_column][tm_heading custom_google_font=\u00bb\u00bb align=\u00bbcenter\u00bb text=\u00bbQueremos que te sientas bien con tu sonrisa.\u00bb font_size=\u00bbxs:36;lg:42&#8243;][tm_spacer size=\u00bblg:70&#8243;][tm_spacer size=\u00bbxs:50;lg:20&#8243;][\/vc_column][\/vc_row][vc_row full_width=\u00bbstretch_row\u00bb background_color=\u00bbcustom\u00bb background_repeat=\u00bbrepeat\u00bb background_size=\u00bbauto\u00bb custom_background_color=\u00bb#f2f6f9&#8243; background_image=\u00bb917&#8243;][vc_column][tm_spacer size=\u00bblg:100&#8243;][tm_heading tag=\u00bbh2&#8243; custom_google_font=\u00bb\u00bb font_weight=\u00bb500&#8243; text_transform=\u00bbuppercase\u00bb align=\u00bbcenter\u00bb text_color=\u00bbcustom\u00bb custom_text_color=\u00bb#486683&#8243; text=\u00bbOdontolog\u00eda Est\u00e9tica\u00bb font_size=\u00bblg:14&#8243; letter_spacing=\u00bb1.75px\u00bb][tm_spacer size=\u00bblg:15&#8243;][tm_heading tag=\u00bbh2&#8243; custom_google_font=\u00bb\u00bb font_weight=\u00bb500&#8243; text_transform=\u00bbuppercase\u00bb align=\u00bbcenter\u00bb text_color=\u00bbcustom\u00bb custom_text_color=\u00bb#486683&#8243; text=\u00bbUna bella sonrisa puede transformar tu vida, nosotros podemos ayudar.\u00bb font_size=\u00bblg:14&#8243; letter_spacing=\u00bb1.75px\u00bb][tm_spacer size=\u00bblg:50&#8243;][vc_tta_tabs active_section=\u00bb1&#8243;][vc_tta_section title=\u00bbDise\u00f1o de Sonrisa\u00bb tab_id=\u00bb1562061089374-0edeba21-7b87&#8243;][vc_row_inner content_placement=\u00bbmiddle\u00bb gutter=\u00bblg:65&#8243;][vc_column_inner width=\u00bb1\/6&#8243; offset=\u00bbvc_col-lg-6&#8243;]<div id=\"twenty20-1\" class=\"twenty20\" style=\"width: 100% !important; clear: both;\"><div class=\"twentytwenty-container twenty20-1 t20-hover\"><img decoding=\"async\" src=\"https:\/\/agmedical.com.mx\/wp-content\/uploads\/2021\/01\/antes-diseno.png\" alt=\"Before image\" \/><img decoding=\"async\" src=\"https:\/\/agmedical.com.mx\/wp-content\/uploads\/2021\/01\/despues-diseno.png\" alt=\"After image\" \/><\/div><\/div>[tm_spacer size=\u00bblg:30&#8243;][\/vc_column_inner][vc_column_inner width=\u00bb1\/6&#8243; offset=\u00bbvc_col-lg-6&#8243;][tm_spacer size=\u00bblg:30&#8243;][tm_heading custom_google_font=\u00bb\u00bb text=\u00bbDise\u00f1o de Sonrisa\u00bb font_size=\u00bblg:30&#8243;][tm_spacer size=\u00bblg:10&#8243;][tm_heading tag=\u00bbdiv\u00bb custom_google_font=\u00bb\u00bb text=\u00bbUna sonrisa encantadora y maravillosa  da confianza, indica elegancia, juventud y nos presenta a otros como alguien alegre y atractivo.\u00bb][tm_spacer size=\u00bblg:10&#8243;][tm_heading tag=\u00bbdiv\u00bb custom_google_font=\u00bb\u00bb text=\u00bbEn AG Medical, ubicados en la ciudad de Le\u00f3n, Guanajuato; dise\u00f1amos sonrisas y utilizamos tecnolog\u00eda digital en combinaci\u00f3n con materiales de prestigio.<br \/>\nCada sonrisa es creada para cada persona.\u00bb][tm_spacer size=\u00bblg:35&#8243;][tm_spacer size=\u00bblg:50&#8243;][\/vc_column_inner][\/vc_row_inner][tm_spacer size=\u00bblg:50&#8243;][\/vc_tta_section][vc_tta_section title=\u00bbBlanqueamiento Dental\u00bb tab_id=\u00bb1610207726103-0598fdb6-986e\u00bb][vc_row_inner content_placement=\u00bbmiddle\u00bb gutter=\u00bblg:65&#8243;][vc_column_inner offset=\u00bbvc_col-lg-6&#8243;][tm_image image_size=\u00bbcustom\u00bb align=\u00bbcenter\u00bb image=\u00bb1125&#8243; image_size_width=\u00bb300&#8243;][\/vc_column_inner][vc_column_inner offset=\u00bbvc_col-lg-6&#8243;][tm_spacer size=\u00bblg:30&#8243;][tm_heading custom_google_font=\u00bb\u00bb text=\u00bbBlanqueamiento Dental\u00bb font_size=\u00bblg:30&#8243;][tm_spacer size=\u00bblg:10&#8243;][tm_heading tag=\u00bbdiv\u00bb custom_google_font=\u00bb\u00bb text=\u00bbTratamiento m\u00ednimamente invasivo para aclarar el tono natural de tus dientes.\u00bb][tm_spacer size=\u00bblg:10&#8243;][tm_heading tag=\u00bbdiv\u00bb custom_google_font=\u00bb\u00bb text=\u00bbLos blanqueamientos dentales es un tratamiento est\u00e9tico con el cual es posible mejorar varios tonos del color del diente, volvi\u00e9ndolo m\u00e1s blanco y radiante. Este tratamiento puede ser llevado a la cl\u00ednica en una hora aproximadamente.\u00bb][tm_spacer size=\u00bblg:10&#8243;][tm_heading tag=\u00bbdiv\u00bb custom_google_font=\u00bb\u00bb text=\u00bbEn AG Medical, odontolog\u00eda de calidad en Le\u00f3n, Guanajuato, utilizamos una combinaci\u00f3n de t\u00e9cnicas y materiales de vanguardia para lograr excelentes resultados. El blanqueamiento dental puede eliminar manchas por tabaco, t\u00e9, vino, alimentos y otras sustancias.\u00bb][tm_spacer size=\u00bblg:10&#8243;][tm_heading tag=\u00bbdiv\u00bb custom_google_font=\u00bb\u00bb text=\u00bbEs importante para poder realizar el blanqueamiento que tus enc\u00edas se encuentren sanas y tus dientes est\u00e9n libres de caries por lo que es importante acudir a tu cita de valoraci\u00f3n para valorar tu caso y atender primero las caries y\/o la gingivitis (enc\u00edas inflamadas)\u00bb][tm_spacer size=\u00bblg:35&#8243;][tm_spacer size=\u00bblg:50&#8243;][\/vc_column_inner][\/vc_row_inner][tm_spacer size=\u00bblg:50&#8243;][\/vc_tta_section][vc_tta_section title=\u00bbCarillas de Porcelana\u00bb tab_id=\u00bb1562061089413-e70e6f21-49f0&#8243;][vc_row_inner content_placement=\u00bbmiddle\u00bb gutter=\u00bblg:65&#8243;][vc_column_inner content_alignment=\u00bbcenter\u00bb offset=\u00bbvc_col-lg-6&#8243;][tm_image image_size=\u00bbcustom\u00bb align=\u00bbcenter\u00bb image=\u00bb2936&#8243; image_size_width=\u00bb300&#8243;][tm_spacer size=\u00bblg:30&#8243;][\/vc_column_inner][vc_column_inner offset=\u00bbvc_col-lg-6&#8243;][tm_spacer size=\u00bblg:30&#8243;][tm_heading custom_google_font=\u00bb\u00bb text=\u00bbCarillas de Porcelana\u00bb font_size=\u00bblg:30&#8243;][tm_spacer size=\u00bblg:10&#8243;][tm_heading tag=\u00bbdiv\u00bb custom_google_font=\u00bb\u00bb text=\u00bbLas carillas son una excelente soluci\u00f3n para lograr un cambio est\u00e9tico muy importante con una preparaci\u00f3n m\u00ednima de tus dientes. Es posible lograr resultados consistentes, duraderos y predecibles que te permitir\u00e1n continuar con tu vida con total normalidad, y por supuesto, con una nueva y hermosa sonrisa.\u00bb][tm_spacer size=\u00bblg:10&#8243;][tm_heading tag=\u00bbdiv\u00bb custom_google_font=\u00bb\u00bb text=\u00bbEn AG Medical, dentistas en Le\u00f3n, Guanajuato; utilizamos los mejores materiales y trabajamos de la mano con excelentes t\u00e9cnicos para lograr resultados altamente predecibles.\u00bb][tm_spacer size=\u00bblg:35&#8243;][tm_spacer size=\u00bblg:50&#8243;][\/vc_column_inner][\/vc_row_inner][tm_spacer size=\u00bblg:50&#8243;][\/vc_tta_section][vc_tta_section title=\u00bbCoronas de Porcelana\u00bb tab_id=\u00bb1562061089445-463457cf-c691&#8243;][vc_row_inner content_placement=\u00bbmiddle\u00bb gutter=\u00bblg:65&#8243;][vc_column_inner content_alignment=\u00bbcenter\u00bb offset=\u00bbvc_col-lg-6&#8243;][tm_image image_size=\u00bbcustom\u00bb align=\u00bbcenter\u00bb image=\u00bb2937&#8243; image_size_width=\u00bb300&#8243;][\/vc_column_inner][vc_column_inner offset=\u00bbvc_col-lg-6&#8243;][tm_spacer size=\u00bblg:30&#8243;][tm_heading custom_google_font=\u00bb\u00bb text=\u00bbCoronas de Porcelana\u00bb font_size=\u00bblg:30&#8243;][tm_spacer size=\u00bblg:10&#8243;][tm_heading tag=\u00bbdiv\u00bb custom_google_font=\u00bb\u00bb text=\u00bbTratamiento rehabilitador para devolver la funci\u00f3n, forma y est\u00e9tica de dientes muy da\u00f1ados por caries, endodoncia y\/o previamente tratados.\u00bb][tm_spacer size=\u00bblg:35&#8243;][tm_spacer size=\u00bblg:50&#8243;][\/vc_column_inner][\/vc_row_inner][tm_spacer size=\u00bblg:50&#8243;][\/vc_tta_section][vc_tta_section title=\u00bbIncrustaciones de Porcelana\u00bb tab_id=\u00bb1597367066342-de9d3327-c123&#8243;][vc_row_inner content_placement=\u00bbmiddle\u00bb gutter=\u00bblg:65&#8243;][vc_column_inner content_alignment=\u00bbcenter\u00bb offset=\u00bbvc_col-lg-6&#8243;]<div id=\"twenty20-2\" class=\"twenty20\" style=\"width: 100% !important; clear: both;\"><div class=\"twentytwenty-container twenty20-2 \"><img decoding=\"async\" src=\"https:\/\/agmedical.com.mx\/wp-content\/uploads\/2021\/01\/210519_2.jpg\" alt=\"Before image\" \/><img decoding=\"async\" src=\"https:\/\/agmedical.com.mx\/wp-content\/uploads\/2021\/01\/120619_5-scaled.jpg\" alt=\"After image\" \/><\/div><\/div>[\/vc_column_inner][vc_column_inner offset=\u00bbvc_col-lg-6&#8243;][tm_spacer size=\u00bblg:30&#8243;][tm_heading custom_google_font=\u00bb\u00bb text=\u00bbIncrustaciones de Porcelana\u00bb font_size=\u00bblg:30&#8243;][tm_spacer size=\u00bblg:10&#8243;][tm_heading tag=\u00bbdiv\u00bb custom_google_font=\u00bb\u00bb text=\u00bbTratamiento m\u00e1s conservador que la corona, consiste en restaurar el fragmento perdido del diente, es uno de los mejores casos para dientes con endodoncia.\u00bb][tm_spacer size=\u00bblg:35&#8243;][tm_spacer size=\u00bblg:50&#8243;][\/vc_column_inner][vc_column_inner][\/vc_column_inner][\/vc_row_inner][tm_spacer size=\u00bblg:50&#8243;][\/vc_tta_section][vc_tta_section title=\u00bbRestauraciones en Zirconia Monol\u00edtica\u00bb tab_id=\u00bb1610206107421-341e3a7b-7f7b\u00bb][vc_row_inner content_placement=\u00bbmiddle\u00bb gutter=\u00bblg:65&#8243;][vc_column_inner content_alignment=\u00bbcenter\u00bb offset=\u00bbvc_col-lg-6&#8243;][tm_image image_size=\u00bbcustom\u00bb align=\u00bbcenter\u00bb image=\u00bb2622&#8243; image_size_width=\u00bb300&#8243;][tm_spacer size=\u00bblg:10&#8243;][tm_heading tag=\u00bbdiv\u00bb custom_google_font=\u00bb\u00bb align=\u00bbcenter\u00bb text=\u00bb<mark>2 Coronas sobre implantes de Zirconia Monol\u00edtica Prettau\u00ae <\/mark>\u00ab][tm_spacer size=\u00bblg:50&#8243;][\/vc_column_inner][vc_column_inner offset=\u00bbvc_col-lg-6&#8243;][tm_spacer size=\u00bblg:30&#8243;][tm_heading custom_google_font=\u00bb\u00bb text=\u00bbRestauraciones en Zirconia Monol\u00edtica\u00bb font_size=\u00bblg:30&#8243;][tm_spacer size=\u00bblg:10&#8243;][tm_heading tag=\u00bbdiv\u00bb custom_google_font=\u00bb\u00bb text=\u00bbEn AG Medical, dentistas en Le\u00f3n Guanajuato. Utilizamos uno de los mejores materiales restaurativos de la odontolog\u00eda moderna que es la zirconia monol\u00edtica de la marca Zirkonzahn (tecnolog\u00eda italiana) en combinaci\u00f3n con laboratorios de prestigio.\u00bb][tm_spacer size=\u00bblg:35&#8243;][tm_spacer size=\u00bblg:50&#8243;][\/vc_column_inner][\/vc_row_inner][tm_spacer size=\u00bblg:50&#8243;][\/vc_tta_section][\/vc_tta_tabs][tm_spacer size=\u00bblg:150&#8243;][\/vc_column][\/vc_row][vc_row full_width=\u00bbstretch_row\u00bb][vc_column][tm_spacer size=\u00bblg:100&#8243;][tm_spacer size=\u00bblg:300&#8243;][\/vc_column][\/vc_row]<\/p>\n","protected":false},"excerpt":{"rendered":"<p>[vc_row][vc_column][tm_heading custom_google_font=\u00bb\u00bb align=\u00bbcenter\u00bb text=\u00bbQueremos que te sientas bien con tu sonrisa.\u00bb font_size=\u00bbxs:36;lg:42&#8243;][tm_spacer size=\u00bblg:70&#8243;][tm_spacer size=\u00bbxs:50;lg:20&#8243;][\/vc_column][\/vc_row][vc_row full_width=\u00bbstretch_row\u00bb background_color=\u00bbcustom\u00bb background_repeat=\u00bbrepeat\u00bb background_size=\u00bbauto\u00bb custom_background_color=\u00bb#f2f6f9&#8243; background_image=\u00bb917&#8243;][vc_column][tm_spacer size=\u00bblg:100&#8243;][tm_heading tag=\u00bbh2&#8243; custom_google_font=\u00bb\u00bb font_weight=\u00bb500&#8243; text_transform=\u00bbuppercase\u00bb align=\u00bbcenter\u00bb text_color=\u00bbcustom\u00bb custom_text_color=\u00bb#486683&#8243; text=\u00bbOdontolog\u00eda Est\u00e9tica\u00bb font_size=\u00bblg:14&#8243; letter_spacing=\u00bb1.75px\u00bb][tm_spacer size=\u00bblg:15&#8243;][tm_heading tag=\u00bbh2&#8243; custom_google_font=\u00bb\u00bb font_weight=\u00bb500&#8243; text_transform=\u00bbuppercase\u00bb align=\u00bbcenter\u00bb text_color=\u00bbcustom\u00bb custom_text_color=\u00bb#486683&#8243; text=\u00bbUna bella sonrisa puede transformar tu vida, nosotros podemos ayudar.\u00bb font_size=\u00bblg:14&#8243; letter_spacing=\u00bb1.75px\u00bb][tm_spacer size=\u00bblg:50&#8243;][vc_tta_tabs active_section=\u00bb1&#8243;][vc_tta_section title=\u00bbDise\u00f1o de Sonrisa\u00bb tab_id=\u00bb1562061089374-0edeba21-7b87&#8243;][vc_row_inner content_placement=\u00bbmiddle\u00bb gutter=\u00bblg:65&#8243;][vc_column_inner width=\u00bb1\/6&#8243; offset=\u00bbvc_col-lg-6&#8243;][tm_spacer size=\u00bblg:30&#8243;][\/vc_column_inner][vc_column_inner width=\u00bb1\/6&#8243; offset=\u00bbvc_col-lg-6&#8243;][tm_spacer size=\u00bblg:30&#8243;][tm_heading custom_google_font=\u00bb\u00bb text=\u00bbDise\u00f1o de Sonrisa\u00bb font_size=\u00bblg:30&#8243;][tm_spacer size=\u00bblg:10&#8243;][tm_heading tag=\u00bbdiv\u00bb custom_google_font=\u00bb\u00bb text=\u00bbUna sonrisa encantadora y maravillosa da confianza, indica elegancia, juventud y nos presenta a otros como alguien alegre y atractivo.\u00bb][tm_spacer size=\u00bblg:10&#8243;][tm_heading tag=\u00bbdiv\u00bb custom_google_font=\u00bb\u00bb text=\u00bbEn AG Medical, ubicados en la ciudad de Le\u00f3n, Guanajuato; dise\u00f1amos sonrisas y utilizamos tecnolog\u00eda digital en combinaci\u00f3n con materiales de prestigio. Cada sonrisa es creada para cada persona.\u00bb][tm_spacer size=\u00bblg:35&#8243;][tm_spacer size=\u00bblg:50&#8243;][\/vc_column_inner][\/vc_row_inner][tm_spacer size=\u00bblg:50&#8243;][\/vc_tta_section][vc_tta_section title=\u00bbBlanqueamiento Dental\u00bb tab_id=\u00bb1610207726103-0598fdb6-986e\u00bb][vc_row_inner content_placement=\u00bbmiddle\u00bb gutter=\u00bblg:65&#8243;][vc_column_inner offset=\u00bbvc_col-lg-6&#8243;][tm_image image_size=\u00bbcustom\u00bb align=\u00bbcenter\u00bb image=\u00bb1125&#8243; image_size_width=\u00bb300&#8243;][\/vc_column_inner][vc_column_inner offset=\u00bbvc_col-lg-6&#8243;][tm_spacer size=\u00bblg:30&#8243;][tm_heading custom_google_font=\u00bb\u00bb text=\u00bbBlanqueamiento Dental\u00bb font_size=\u00bblg:30&#8243;][tm_spacer size=\u00bblg:10&#8243;][tm_heading tag=\u00bbdiv\u00bb custom_google_font=\u00bb\u00bb text=\u00bbTratamiento m\u00ednimamente invasivo para aclarar el tono natural de tus dientes.\u00bb][tm_spacer size=\u00bblg:10&#8243;][tm_heading tag=\u00bbdiv\u00bb custom_google_font=\u00bb\u00bb text=\u00bbLos blanqueamientos dentales es un tratamiento est\u00e9tico con el cual es posible mejorar varios tonos del color del diente, volvi\u00e9ndolo m\u00e1s blanco y radiante. Este tratamiento puede ser llevado a la cl\u00ednica en una hora aproximadamente.\u00bb][tm_spacer size=\u00bblg:10&#8243;][tm_heading tag=\u00bbdiv\u00bb custom_google_font=\u00bb\u00bb text=\u00bbEn AG Medical, odontolog\u00eda de calidad en Le\u00f3n, Guanajuato, utilizamos una combinaci\u00f3n de t\u00e9cnicas y materiales de vanguardia para lograr excelentes resultados. El blanqueamiento dental puede eliminar manchas por tabaco, t\u00e9, vino, alimentos y otras sustancias.\u00bb][tm_spacer size=\u00bblg:10&#8243;][tm_heading tag=\u00bbdiv\u00bb custom_google_font=\u00bb\u00bb text=\u00bbEs importante para poder realizar el blanqueamiento que tus enc\u00edas se encuentren sanas y tus dientes est\u00e9n libres de caries por lo que es importante acudir a tu cita de valoraci\u00f3n para valorar tu caso y atender primero las caries y\/o la gingivitis (enc\u00edas inflamadas)\u00bb][tm_spacer size=\u00bblg:35&#8243;][tm_spacer size=\u00bblg:50&#8243;][\/vc_column_inner][\/vc_row_inner][tm_spacer size=\u00bblg:50&#8243;][\/vc_tta_section][vc_tta_section title=\u00bbCarillas de Porcelana\u00bb tab_id=\u00bb1562061089413-e70e6f21-49f0&#8243;][vc_row_inner content_placement=\u00bbmiddle\u00bb gutter=\u00bblg:65&#8243;][vc_column_inner content_alignment=\u00bbcenter\u00bb offset=\u00bbvc_col-lg-6&#8243;][tm_image image_size=\u00bbcustom\u00bb align=\u00bbcenter\u00bb image=\u00bb2936&#8243; image_size_width=\u00bb300&#8243;][tm_spacer size=\u00bblg:30&#8243;][\/vc_column_inner][vc_column_inner offset=\u00bbvc_col-lg-6&#8243;][tm_spacer size=\u00bblg:30&#8243;][tm_heading custom_google_font=\u00bb\u00bb text=\u00bbCarillas de Porcelana\u00bb font_size=\u00bblg:30&#8243;][tm_spacer size=\u00bblg:10&#8243;][tm_heading tag=\u00bbdiv\u00bb custom_google_font=\u00bb\u00bb text=\u00bbLas carillas son una excelente soluci\u00f3n para lograr un cambio est\u00e9tico muy importante con una preparaci\u00f3n m\u00ednima de tus dientes. Es posible lograr resultados consistentes, duraderos y predecibles que te permitir\u00e1n continuar con tu vida con total normalidad, y por supuesto, con una nueva y hermosa sonrisa.\u00bb][tm_spacer size=\u00bblg:10&#8243;][tm_heading tag=\u00bbdiv\u00bb custom_google_font=\u00bb\u00bb text=\u00bbEn AG Medical, dentistas en Le\u00f3n, Guanajuato; utilizamos los mejores materiales y trabajamos de la mano con excelentes t\u00e9cnicos para lograr resultados altamente predecibles.\u00bb][tm_spacer size=\u00bblg:35&#8243;][tm_spacer size=\u00bblg:50&#8243;][\/vc_column_inner][\/vc_row_inner][tm_spacer size=\u00bblg:50&#8243;][\/vc_tta_section][vc_tta_section title=\u00bbCoronas de Porcelana\u00bb tab_id=\u00bb1562061089445-463457cf-c691&#8243;][vc_row_inner content_placement=\u00bbmiddle\u00bb gutter=\u00bblg:65&#8243;][vc_column_inner content_alignment=\u00bbcenter\u00bb offset=\u00bbvc_col-lg-6&#8243;][tm_image image_size=\u00bbcustom\u00bb align=\u00bbcenter\u00bb image=\u00bb2937&#8243; image_size_width=\u00bb300&#8243;][\/vc_column_inner][vc_column_inner offset=\u00bbvc_col-lg-6&#8243;][tm_spacer size=\u00bblg:30&#8243;][tm_heading custom_google_font=\u00bb\u00bb text=\u00bbCoronas de Porcelana\u00bb font_size=\u00bblg:30&#8243;][tm_spacer size=\u00bblg:10&#8243;][tm_heading tag=\u00bbdiv\u00bb custom_google_font=\u00bb\u00bb text=\u00bbTratamiento rehabilitador para devolver la funci\u00f3n, forma y est\u00e9tica de dientes muy da\u00f1ados por caries, endodoncia y\/o previamente tratados.\u00bb][tm_spacer size=\u00bblg:35&#8243;][tm_spacer size=\u00bblg:50&#8243;][\/vc_column_inner][\/vc_row_inner][tm_spacer size=\u00bblg:50&#8243;][\/vc_tta_section][vc_tta_section title=\u00bbIncrustaciones de Porcelana\u00bb tab_id=\u00bb1597367066342-de9d3327-c123&#8243;][vc_row_inner content_placement=\u00bbmiddle\u00bb gutter=\u00bblg:65&#8243;][vc_column_inner content_alignment=\u00bbcenter\u00bb offset=\u00bbvc_col-lg-6&#8243;][\/vc_column_inner][vc_column_inner offset=\u00bbvc_col-lg-6&#8243;][tm_spacer size=\u00bblg:30&#8243;][tm_heading custom_google_font=\u00bb\u00bb text=\u00bbIncrustaciones de Porcelana\u00bb font_size=\u00bblg:30&#8243;][tm_spacer size=\u00bblg:10&#8243;][tm_heading tag=\u00bbdiv\u00bb custom_google_font=\u00bb\u00bb text=\u00bbTratamiento m\u00e1s conservador que la corona, consiste en restaurar el fragmento perdido del diente, es uno de los mejores casos para dientes con endodoncia.\u00bb][tm_spacer size=\u00bblg:35&#8243;][tm_spacer size=\u00bblg:50&#8243;][\/vc_column_inner][vc_column_inner][\/vc_column_inner][\/vc_row_inner][tm_spacer size=\u00bblg:50&#8243;][\/vc_tta_section][vc_tta_section title=\u00bbRestauraciones en Zirconia Monol\u00edtica\u00bb tab_id=\u00bb1610206107421-341e3a7b-7f7b\u00bb][vc_row_inner content_placement=\u00bbmiddle\u00bb gutter=\u00bblg:65&#8243;][vc_column_inner content_alignment=\u00bbcenter\u00bb offset=\u00bbvc_col-lg-6&#8243;][tm_image image_size=\u00bbcustom\u00bb align=\u00bbcenter\u00bb image=\u00bb2622&#8243; image_size_width=\u00bb300&#8243;][tm_spacer size=\u00bblg:10&#8243;][tm_heading tag=\u00bbdiv\u00bb custom_google_font=\u00bb\u00bb align=\u00bbcenter\u00bb text=\u00bb2 Coronas sobre implantes de Zirconia Monol\u00edtica Prettau\u00ae \u00ab][tm_spacer size=\u00bblg:50&#8243;][\/vc_column_inner][vc_column_inner offset=\u00bbvc_col-lg-6&#8243;][tm_spacer size=\u00bblg:30&#8243;][tm_heading custom_google_font=\u00bb\u00bb text=\u00bbRestauraciones en Zirconia Monol\u00edtica\u00bb font_size=\u00bblg:30&#8243;][tm_spacer size=\u00bblg:10&#8243;][tm_heading tag=\u00bbdiv\u00bb custom_google_font=\u00bb\u00bb text=\u00bbEn AG Medical, dentistas en Le\u00f3n Guanajuato. Utilizamos uno de los mejores materiales restaurativos de la odontolog\u00eda moderna que es la zirconia monol\u00edtica de la marca Zirkonzahn (tecnolog\u00eda italiana) en combinaci\u00f3n con laboratorios de prestigio.\u00bb][tm_spacer size=\u00bblg:35&#8243;][tm_spacer size=\u00bblg:50&#8243;][\/vc_column_inner][\/vc_row_inner][tm_spacer size=\u00bblg:50&#8243;][\/vc_tta_section][\/vc_tta_tabs][tm_spacer size=\u00bblg:150&#8243;][\/vc_column][\/vc_row][vc_row full_width=\u00bbstretch_row\u00bb][vc_column][tm_spacer size=\u00bblg:100&#8243;][tm_spacer size=\u00bblg:300&#8243;][\/vc_column][\/vc_row]<\/p>\n","protected":false},"author":1,"featured_media":0,"parent":0,"menu_order":0,"comment_status":"closed","ping_status":"closed","template":"","meta":{"_joinchat":[],"footnotes":""},"class_list":["post-2498","page","type-page","status-publish","hentry"],"_links":{"self":[{"href":"https:\/\/agmedical.com.mx\/index.php\/wp-json\/wp\/v2\/pages\/2498","targetHints":{"allow":["GET"]}}],"collection":[{"href":"https:\/\/agmedical.com.mx\/index.php\/wp-json\/wp\/v2\/pages"}],"about":[{"href":"https:\/\/agmedical.com.mx\/index.php\/wp-json\/wp\/v2\/types\/page"}],"author":[{"embeddable":true,"href":"https:\/\/agmedical.com.mx\/index.php\/wp-json\/wp\/v2\/users\/1"}],"replies":[{"embeddable":true,"href":"https:\/\/agmedical.com.mx\/index.php\/wp-json\/wp\/v2\/comments?post=2498"}],"version-history":[{"count":16,"href":"https:\/\/agmedical.com.mx\/index.php\/wp-json\/wp\/v2\/pages\/2498\/revisions"}],"predecessor-version":[{"id":2941,"href":"https:\/\/agmedical.com.mx\/index.php\/wp-json\/wp\/v2\/pages\/2498\/revisions\/2941"}],"wp:attachment":[{"href":"https:\/\/agmedical.com.mx\/index.php\/wp-json\/wp\/v2\/media?parent=2498"}],"curies":[{"name":"wp","href":"https:\/\/api.w.org\/{rel}","templated":true}]}}