{"id":2489,"date":"2020-08-12T21:00:18","date_gmt":"2020-08-13T03:00:18","guid":{"rendered":"https:\/\/agmedical.com.mx\/?page_id=2489"},"modified":"2023-07-31T15:27:37","modified_gmt":"2023-07-31T21:27:37","slug":"odontologia-preventiva","status":"publish","type":"page","link":"https:\/\/agmedical.com.mx\/index.php\/odontologia-preventiva\/","title":{"rendered":"Odontolog\u00eda Preventiva"},"content":{"rendered":"<p>[vc_row][vc_column][tm_heading custom_google_font=\u00bb\u00bb align=\u00bbcenter\u00bb text=\u00bbLa educaci\u00f3n dental y la prevenci\u00f3n es una de las mejores formas de mantener tu mejor sonrisa.\u00bb font_size=\u00bbxs:36;lg:42&#8243;][tm_spacer size=\u00bblg:70&#8243;][tm_spacer size=\u00bbxs:50;lg:20&#8243;][\/vc_column][\/vc_row][vc_row full_width=\u00bbstretch_row\u00bb background_color=\u00bbcustom\u00bb background_repeat=\u00bbrepeat\u00bb background_size=\u00bbauto\u00bb custom_background_color=\u00bb#f2f6f9&#8243; background_image=\u00bb917&#8243;][vc_column][tm_spacer size=\u00bblg:100&#8243;][tm_heading custom_google_font=\u00bb\u00bb font_weight=\u00bb500&#8243; text_transform=\u00bbuppercase\u00bb align=\u00bbcenter\u00bb text_color=\u00bbcustom\u00bb custom_text_color=\u00bb#486683&#8243; text=\u00bbOdontolog\u00eda Preventiva\u00bb font_size=\u00bblg:14&#8243; letter_spacing=\u00bb1.75px\u00bb][tm_spacer size=\u00bblg:15&#8243;][tm_heading custom_google_font=\u00bb\u00bb font_weight=\u00bb500&#8243; text_transform=\u00bbuppercase\u00bb align=\u00bbcenter\u00bb text_color=\u00bbcustom\u00bb custom_text_color=\u00bb#486683&#8243; text=\u00bbLa mejor forma de proteger tu salud es anticiparte a los problemas,<br \/>\nevitar que progresen y hasta puedes ahorrar en gastos futuras complicaciones.\u00bb font_size=\u00bblg:14&#8243; letter_spacing=\u00bb1.75px\u00bb][tm_spacer size=\u00bblg:50&#8243;][vc_tta_tabs active_section=\u00bb1&#8243;][vc_tta_section title=\u00bbLimpieza Dental\u00bb tab_id=\u00bb1562061089374-0edeba21-7b87&#8243;][vc_row_inner content_placement=\u00bbmiddle\u00bb gutter=\u00bblg:65&#8243;][vc_column_inner offset=\u00bbvc_col-lg-6&#8243;][tm_image image_size=\u00bbcustom\u00bb align=\u00bbcenter\u00bb image=\u00bb2167&#8243; image_size_width=\u00bb300&#8243;][\/vc_column_inner][vc_column_inner offset=\u00bbvc_col-lg-6&#8243;][tm_spacer size=\u00bblg:30&#8243;][tm_heading custom_google_font=\u00bb\u00bb text=\u00bbLimpieza Dental Profesional\u00bb font_size=\u00bblg:30&#8243;][tm_spacer size=\u00bblg:10&#8243;][tm_heading tag=\u00bbdiv\u00bb custom_google_font=\u00bb\u00bb text=\u00bbLa limpieza dental despu\u00e9s de cada comida con cepillo e hilo dental es el primer paso para mantener tu salud dental.<\/p>\n<p>Adem\u00e1s nosotros recomendamos una limpieza profesional con tu dentista una o dos  veces al a\u00f1o. Es el tratamiento preventivo por excelencia, cuida y protege la salud de tus dientes, enc\u00edas y acude con tu profesional de la salud bucal<br \/>\npara detectar lesiones sospechosas a tiempo.<\/p>\n<p>Algunos beneficios de la limpieza dental son:\u00bb][tm_spacer size=\u00bblg:35&#8243;][tm_list list_style=\u00bbcircle\u00bb columns=\u00bbxs:1;lg:2&#8243; items=\u00bb%5B%7B%22item_title%22%3A%22Elimina%20el%20sarro%20acumulado%22%2C%22icon_type%22%3A%22fontawesome5%22%7D%2C%7B%22item_title%22%3A%22Elimina%20la%20placa%20bacteriana%22%2C%22icon_type%22%3A%22fontawesome5%22%7D%2C%7B%22item_title%22%3A%22Devuelve%20blancura%20a%20tu%20sonrisa%22%2C%22icon_type%22%3A%22fontawesome5%22%7D%2C%7B%22item_title%22%3A%22Evita%20el%20mal%20aliento%22%2C%22icon_type%22%3A%22fontawesome5%22%7D%2C%7B%22item_title%22%3A%22Previene%20las%20caries%22%2C%22icon_type%22%3A%22fontawesome5%22%7D%2C%7B%22item_title%22%3A%22Previene%20la%20gingivitis%20y%20la%20periodontitis%22%2C%22icon_type%22%3A%22fontawesome5%22%7D%5D\u00bb][tm_spacer size=\u00bblg:50&#8243;][\/vc_column_inner][\/vc_row_inner][\/vc_tta_section][vc_tta_section title=\u00bbSellamiento de Fosetas y Fisuras\u00bb tab_id=\u00bb1562061089413-e70e6f21-49f0&#8243;][vc_row_inner content_placement=\u00bbmiddle\u00bb gutter=\u00bblg:65&#8243;][vc_column_inner content_alignment=\u00bbcenter\u00bb offset=\u00bbvc_col-lg-6&#8243;][tm_image image_size=\u00bbcustom\u00bb align=\u00bbcenter\u00bb image=\u00bb510&#8243; image_size_width=\u00bb300&#8243;][\/vc_column_inner][vc_column_inner offset=\u00bbvc_col-lg-6&#8243;][tm_spacer size=\u00bblg:30&#8243;][tm_heading custom_google_font=\u00bb\u00bb text=\u00bbSellamiento de Fosetas y Fisuras\u00bb font_size=\u00bblg:30&#8243;][tm_spacer size=\u00bblg:10&#8243;][tm_heading tag=\u00bbdiv\u00bb custom_google_font=\u00bb\u00bb text=\u00bbUno de los mejores tratamientos para protegerte de las caries, material bioactivo que protege a la superficie de los dientes de futuras caries.\u00bb][tm_spacer size=\u00bblg:35&#8243;][tm_spacer size=\u00bblg:50&#8243;][\/vc_column_inner][\/vc_row_inner][\/vc_tta_section][vc_tta_section title=\u00bbOrtopedia Maxilar\u00bb tab_id=\u00bb1562061089445-463457cf-c691&#8243;][vc_row_inner content_placement=\u00bbmiddle\u00bb gutter=\u00bblg:65&#8243;][vc_column_inner content_alignment=\u00bbcenter\u00bb offset=\u00bbvc_col-lg-6&#8243;][tm_image image_size=\u00bbcustom\u00bb align=\u00bbcenter\u00bb image=\u00bb511&#8243; image_size_width=\u00bb300&#8243;][\/vc_column_inner][vc_column_inner offset=\u00bbvc_col-lg-6&#8243;][tm_spacer size=\u00bblg:30&#8243;][tm_heading custom_google_font=\u00bb\u00bb text=\u00bbOrtopedia Maxilar\u00bb font_size=\u00bblg:30&#8243;][tm_spacer size=\u00bblg:10&#8243;][tm_heading tag=\u00bbdiv\u00bb custom_google_font=\u00bb\u00bb text=\u00bbTrata la mala posici\u00f3n dental de tus peque\u00f1os as\u00ed como interceptar problemas esquel\u00e9ticos, entre m\u00e1s temprano se diagn\u00f3stica el problema m\u00e1s f\u00e1cil podemos solucionarlo.\u00bb][tm_spacer size=\u00bblg:35&#8243;][tm_spacer size=\u00bblg:50&#8243;][\/vc_column_inner][\/vc_row_inner][\/vc_tta_section][\/vc_tta_tabs][tm_spacer size=\u00bblg:150&#8243;][\/vc_column][\/vc_row][vc_row full_width=\u00bbstretch_row\u00bb][vc_column][tm_spacer size=\u00bblg:100&#8243;][tm_spacer size=\u00bblg:300&#8243;][\/vc_column][\/vc_row]<\/p>\n","protected":false},"excerpt":{"rendered":"<p>[vc_row][vc_column][tm_heading custom_google_font=\u00bb\u00bb align=\u00bbcenter\u00bb text=\u00bbLa educaci\u00f3n dental y la prevenci\u00f3n es una de las mejores formas de mantener tu mejor sonrisa.\u00bb font_size=\u00bbxs:36;lg:42&#8243;][tm_spacer size=\u00bblg:70&#8243;][tm_spacer size=\u00bbxs:50;lg:20&#8243;][\/vc_column][\/vc_row][vc_row full_width=\u00bbstretch_row\u00bb background_color=\u00bbcustom\u00bb background_repeat=\u00bbrepeat\u00bb background_size=\u00bbauto\u00bb custom_background_color=\u00bb#f2f6f9&#8243; background_image=\u00bb917&#8243;][vc_column][tm_spacer size=\u00bblg:100&#8243;][tm_heading custom_google_font=\u00bb\u00bb font_weight=\u00bb500&#8243; text_transform=\u00bbuppercase\u00bb align=\u00bbcenter\u00bb text_color=\u00bbcustom\u00bb custom_text_color=\u00bb#486683&#8243; text=\u00bbOdontolog\u00eda Preventiva\u00bb font_size=\u00bblg:14&#8243; letter_spacing=\u00bb1.75px\u00bb][tm_spacer size=\u00bblg:15&#8243;][tm_heading custom_google_font=\u00bb\u00bb font_weight=\u00bb500&#8243; text_transform=\u00bbuppercase\u00bb align=\u00bbcenter\u00bb text_color=\u00bbcustom\u00bb custom_text_color=\u00bb#486683&#8243; text=\u00bbLa mejor forma de proteger tu salud es anticiparte a los problemas, evitar que progresen y hasta puedes ahorrar en gastos futuras complicaciones.\u00bb font_size=\u00bblg:14&#8243; letter_spacing=\u00bb1.75px\u00bb][tm_spacer size=\u00bblg:50&#8243;][vc_tta_tabs active_section=\u00bb1&#8243;][vc_tta_section title=\u00bbLimpieza Dental\u00bb tab_id=\u00bb1562061089374-0edeba21-7b87&#8243;][vc_row_inner content_placement=\u00bbmiddle\u00bb gutter=\u00bblg:65&#8243;][vc_column_inner offset=\u00bbvc_col-lg-6&#8243;][tm_image image_size=\u00bbcustom\u00bb align=\u00bbcenter\u00bb image=\u00bb2167&#8243; image_size_width=\u00bb300&#8243;][\/vc_column_inner][vc_column_inner offset=\u00bbvc_col-lg-6&#8243;][tm_spacer size=\u00bblg:30&#8243;][tm_heading custom_google_font=\u00bb\u00bb text=\u00bbLimpieza Dental Profesional\u00bb font_size=\u00bblg:30&#8243;][tm_spacer size=\u00bblg:10&#8243;][tm_heading tag=\u00bbdiv\u00bb custom_google_font=\u00bb\u00bb text=\u00bbLa limpieza dental despu\u00e9s de cada comida con cepillo e hilo dental es el primer paso para mantener tu salud dental. Adem\u00e1s nosotros recomendamos una limpieza profesional con tu dentista una o dos veces al a\u00f1o. Es el tratamiento preventivo por excelencia, cuida y protege la salud de tus dientes, enc\u00edas y acude con tu profesional de la salud bucal para detectar lesiones sospechosas a tiempo. Algunos beneficios de la limpieza dental son:\u00bb][tm_spacer size=\u00bblg:35&#8243;][tm_list list_style=\u00bbcircle\u00bb columns=\u00bbxs:1;lg:2&#8243; items=\u00bb%5B%7B%22item_title%22%3A%22Elimina%20el%20sarro%20acumulado%22%2C%22icon_type%22%3A%22fontawesome5%22%7D%2C%7B%22item_title%22%3A%22Elimina%20la%20placa%20bacteriana%22%2C%22icon_type%22%3A%22fontawesome5%22%7D%2C%7B%22item_title%22%3A%22Devuelve%20blancura%20a%20tu%20sonrisa%22%2C%22icon_type%22%3A%22fontawesome5%22%7D%2C%7B%22item_title%22%3A%22Evita%20el%20mal%20aliento%22%2C%22icon_type%22%3A%22fontawesome5%22%7D%2C%7B%22item_title%22%3A%22Previene%20las%20caries%22%2C%22icon_type%22%3A%22fontawesome5%22%7D%2C%7B%22item_title%22%3A%22Previene%20la%20gingivitis%20y%20la%20periodontitis%22%2C%22icon_type%22%3A%22fontawesome5%22%7D%5D\u00bb][tm_spacer size=\u00bblg:50&#8243;][\/vc_column_inner][\/vc_row_inner][\/vc_tta_section][vc_tta_section title=\u00bbSellamiento de Fosetas y Fisuras\u00bb tab_id=\u00bb1562061089413-e70e6f21-49f0&#8243;][vc_row_inner content_placement=\u00bbmiddle\u00bb gutter=\u00bblg:65&#8243;][vc_column_inner content_alignment=\u00bbcenter\u00bb offset=\u00bbvc_col-lg-6&#8243;][tm_image image_size=\u00bbcustom\u00bb align=\u00bbcenter\u00bb image=\u00bb510&#8243; image_size_width=\u00bb300&#8243;][\/vc_column_inner][vc_column_inner offset=\u00bbvc_col-lg-6&#8243;][tm_spacer size=\u00bblg:30&#8243;][tm_heading custom_google_font=\u00bb\u00bb text=\u00bbSellamiento de Fosetas y Fisuras\u00bb font_size=\u00bblg:30&#8243;][tm_spacer size=\u00bblg:10&#8243;][tm_heading tag=\u00bbdiv\u00bb custom_google_font=\u00bb\u00bb text=\u00bbUno de los mejores tratamientos para protegerte de las caries, material bioactivo que protege a la superficie de los dientes de futuras caries.\u00bb][tm_spacer size=\u00bblg:35&#8243;][tm_spacer size=\u00bblg:50&#8243;][\/vc_column_inner][\/vc_row_inner][\/vc_tta_section][vc_tta_section title=\u00bbOrtopedia Maxilar\u00bb tab_id=\u00bb1562061089445-463457cf-c691&#8243;][vc_row_inner content_placement=\u00bbmiddle\u00bb gutter=\u00bblg:65&#8243;][vc_column_inner content_alignment=\u00bbcenter\u00bb offset=\u00bbvc_col-lg-6&#8243;][tm_image image_size=\u00bbcustom\u00bb align=\u00bbcenter\u00bb image=\u00bb511&#8243; image_size_width=\u00bb300&#8243;][\/vc_column_inner][vc_column_inner offset=\u00bbvc_col-lg-6&#8243;][tm_spacer size=\u00bblg:30&#8243;][tm_heading custom_google_font=\u00bb\u00bb text=\u00bbOrtopedia Maxilar\u00bb font_size=\u00bblg:30&#8243;][tm_spacer size=\u00bblg:10&#8243;][tm_heading tag=\u00bbdiv\u00bb custom_google_font=\u00bb\u00bb text=\u00bbTrata la mala posici\u00f3n dental de tus peque\u00f1os as\u00ed como interceptar problemas esquel\u00e9ticos, entre m\u00e1s temprano se diagn\u00f3stica el problema m\u00e1s f\u00e1cil podemos solucionarlo.\u00bb][tm_spacer size=\u00bblg:35&#8243;][tm_spacer size=\u00bblg:50&#8243;][\/vc_column_inner][\/vc_row_inner][\/vc_tta_section][\/vc_tta_tabs][tm_spacer size=\u00bblg:150&#8243;][\/vc_column][\/vc_row][vc_row full_width=\u00bbstretch_row\u00bb][vc_column][tm_spacer size=\u00bblg:100&#8243;][tm_spacer size=\u00bblg:300&#8243;][\/vc_column][\/vc_row]<\/p>\n","protected":false},"author":1,"featured_media":0,"parent":0,"menu_order":0,"comment_status":"closed","ping_status":"closed","template":"","meta":{"_joinchat":[],"footnotes":""},"class_list":["post-2489","page","type-page","status-publish","hentry"],"_links":{"self":[{"href":"https:\/\/agmedical.com.mx\/index.php\/wp-json\/wp\/v2\/pages\/2489","targetHints":{"allow":["GET"]}}],"collection":[{"href":"https:\/\/agmedical.com.mx\/index.php\/wp-json\/wp\/v2\/pages"}],"about":[{"href":"https:\/\/agmedical.com.mx\/index.php\/wp-json\/wp\/v2\/types\/page"}],"author":[{"embeddable":true,"href":"https:\/\/agmedical.com.mx\/index.php\/wp-json\/wp\/v2\/users\/1"}],"replies":[{"embeddable":true,"href":"https:\/\/agmedical.com.mx\/index.php\/wp-json\/wp\/v2\/comments?post=2489"}],"version-history":[{"count":9,"href":"https:\/\/agmedical.com.mx\/index.php\/wp-json\/wp\/v2\/pages\/2489\/revisions"}],"predecessor-version":[{"id":2831,"href":"https:\/\/agmedical.com.mx\/index.php\/wp-json\/wp\/v2\/pages\/2489\/revisions\/2831"}],"wp:attachment":[{"href":"https:\/\/agmedical.com.mx\/index.php\/wp-json\/wp\/v2\/media?parent=2489"}],"curies":[{"name":"wp","href":"https:\/\/api.w.org\/{rel}","templated":true}]}}